{"id":6002,"date":"2025-02-17T13:04:14","date_gmt":"2025-02-17T13:04:14","guid":{"rendered":"https:\/\/vetti-buba.hr\/services-of-buba-veterinary-clinic\/oftalmologija\/"},"modified":"2025-12-08T13:24:52","modified_gmt":"2025-12-08T13:24:52","slug":"ophtalmology","status":"publish","type":"page","link":"https:\/\/vetti-buba.hr\/en\/services-of-buba-veterinary-clinic\/ophtalmology\/","title":{"rendered":"Ophtalmology"},"content":{"rendered":"<p>[vc_row gap=&#8221;25&#8243; el_class=&#8221;usluge_page&#8221;][vc_column width=&#8221;1\/4&#8243;][vc_widget_sidebar sidebar_id=&#8221;usluge&#8221;][\/vc_column][vc_column width=&#8221;3\/4&#8243;][vc_column_text]<\/p>\n<h1><strong>Veterinary Ophthalmology<\/strong><\/h1>\n<p>Eye diseases and related conditions can greatly impact your pet\u2019s quality of life. The expert team in our veterinary clinic offers comprehensive diagnosis and treatment for eye conditions in dogs and cats, including infections, injuries, inflammation, cherry eye, glaucoma, congenital defects, and emergency conditions that require urgent care due to their painful nature. Ophthalmological changes can also be early indicators of various diseases, often appearing before specific symptoms of systemic conditions.<\/p>\n<h2><strong>Regular check-ups \u2013 the key to healthy eyes<\/strong><\/h2>\n<p>Preventive ophthalmological exams, especially for senior pets and young animals, can help detect hidden or unknown conditions early, prevent complications, and preserve vision.<\/p>\n<h3><strong>Modern diagnostic procedures for correct treatment<\/strong><\/h3>\n<p>Our clinic is equipped with modern ophthalmic diagnostic equipment to quickly detect ophthalmic pathologies in your pets.<\/p>\n<p>In addition to a complete ophthalmological examination, including neuroophthalmological examination, examination of the anterior segment of the eye under enlargement and the posterior segment of the eye, we perform ultrasound diagnostics of ophthalmological changes, cytological analysis and bacteriological examination of samples, all for the purpose of early detection of diseases and their prompt treatment.<\/p>\n<h4><strong>Surgical ophthalmological procedures<\/strong><\/h4>\n<p>If an ophthalmic examination reveals that your pet requires surgery, our team offers various procedures in ophthalmic surgery of the eyelids, anterior segment of the eye and emergency conditions.<\/p>\n<p><strong>When to ask for help?<\/strong><\/p>\n<p>If you notice that your pet has some of the ophthalmic clinical signs such as reddened mucous membranes of the conjunctiva, increased tear production, increased discharge, if they blink heavily or scratch their eyes, if the eye appears bluish, swollen or your pet behaves as if they do not see, an ophthalmological examination should be performed as soon as possible to establish the therapy in time and to prevent the progress of the disease that could cause permanent consequences.<\/p>\n<p>Don&#8217;t delay! Detecting the problem early can prevent it from worsening and enable your pet to live a healthy and quality life. <a href=\"https:\/\/vetti-buba.hr\/en\/contact\/\">Contact<\/a> our ophthalmology team to ensure the best for your pet&#8217;s eye health![\/vc_column_text][\/vc_column][\/vc_row]<\/p>\n","protected":false},"excerpt":{"rendered":"<p>[vc_row gap=&#8221;25&#8243; el_class=&#8221;usluge_page&#8221;][vc_column width=&#8221;1\/4&#8243;][vc_widget_sidebar sidebar_id=&#8221;usluge&#8221;][\/vc_column][vc_column width=&#8221;3\/4&#8243;][vc_column_text] Veterinary Ophthalmology Eye diseases and related conditions can greatly impact your pet\u2019s quality of life. The expert team in our veterinary clinic offers comprehensive diagnosis and treatment for eye conditions in dogs and cats, including infections, injuries, inflammation, cherry eye, glaucoma, congenital defects, and emergency conditions that require urgent [&hellip;]<\/p>\n","protected":false},"author":3,"featured_media":0,"parent":5012,"menu_order":0,"comment_status":"closed","ping_status":"closed","template":"","meta":{"footnotes":""},"class_list":["post-6002","page","type-page","status-publish","hentry"],"yoast_head":"<!-- This site is optimized with the Yoast SEO plugin v27.3 - https:\/\/yoast.com\/product\/yoast-seo-wordpress\/ -->\n<title>Ophtalmology - Buba klinika<\/title>\n<meta name=\"description\" content=\"Veterinarska oftalmologija u klinici BUBA pru\u017ea oftalmolo\u0161ke preglede i kirur\u0161ke zahvate za zdrave o\u010di va\u0161ih ljubimaca.\" \/>\n<meta name=\"robots\" content=\"index, follow, max-snippet:-1, max-image-preview:large, max-video-preview:-1\" \/>\n<link rel=\"canonical\" href=\"https:\/\/vetti-buba.hr\/en\/services-of-buba-veterinary-clinic\/ophtalmology\/\" \/>\n<meta property=\"og:locale\" content=\"en_US\" \/>\n<meta property=\"og:type\" content=\"article\" \/>\n<meta property=\"og:title\" content=\"Ophtalmology - Buba klinika\" \/>\n<meta property=\"og:description\" content=\"Veterinarska oftalmologija u klinici BUBA pru\u017ea oftalmolo\u0161ke preglede i kirur\u0161ke zahvate za zdrave o\u010di va\u0161ih ljubimaca.\" \/>\n<meta property=\"og:url\" content=\"https:\/\/vetti-buba.hr\/en\/services-of-buba-veterinary-clinic\/ophtalmology\/\" \/>\n<meta property=\"og:site_name\" content=\"Buba klinika\" \/>\n<meta property=\"article:modified_time\" content=\"2025-12-08T13:24:52+00:00\" \/>\n<meta name=\"twitter:card\" content=\"summary_large_image\" \/>\n<meta name=\"twitter:label1\" content=\"Est. reading time\" \/>\n\t<meta name=\"twitter:data1\" content=\"2 minutes\" \/>\n<script type=\"application\/ld+json\" class=\"yoast-schema-graph\">{\"@context\":\"https:\\\/\\\/schema.org\",\"@graph\":[{\"@type\":\"WebPage\",\"@id\":\"https:\\\/\\\/vetti-buba.hr\\\/en\\\/services-of-buba-veterinary-clinic\\\/ophtalmology\\\/\",\"url\":\"https:\\\/\\\/vetti-buba.hr\\\/en\\\/services-of-buba-veterinary-clinic\\\/ophtalmology\\\/\",\"name\":\"Ophtalmology - Buba klinika\",\"isPartOf\":{\"@id\":\"https:\\\/\\\/vetti-buba.hr\\\/#website\"},\"datePublished\":\"2025-02-17T13:04:14+00:00\",\"dateModified\":\"2025-12-08T13:24:52+00:00\",\"description\":\"Veterinarska oftalmologija u klinici BUBA pru\u017ea oftalmolo\u0161ke preglede i kirur\u0161ke zahvate za zdrave o\u010di va\u0161ih ljubimaca.\",\"breadcrumb\":{\"@id\":\"https:\\\/\\\/vetti-buba.hr\\\/en\\\/services-of-buba-veterinary-clinic\\\/ophtalmology\\\/#breadcrumb\"},\"inLanguage\":\"en-US\",\"potentialAction\":[{\"@type\":\"ReadAction\",\"target\":[\"https:\\\/\\\/vetti-buba.hr\\\/en\\\/services-of-buba-veterinary-clinic\\\/ophtalmology\\\/\"]}]},{\"@type\":\"BreadcrumbList\",\"@id\":\"https:\\\/\\\/vetti-buba.hr\\\/en\\\/services-of-buba-veterinary-clinic\\\/ophtalmology\\\/#breadcrumb\",\"itemListElement\":[{\"@type\":\"ListItem\",\"position\":1,\"name\":\"Po\u010detna stranica\",\"item\":\"https:\\\/\\\/vetti-buba.hr\\\/en\\\/\"},{\"@type\":\"ListItem\",\"position\":2,\"name\":\"Services of Buba veterinary clinic\",\"item\":\"https:\\\/\\\/vetti-buba.hr\\\/en\\\/services-of-buba-veterinary-clinic\\\/\"},{\"@type\":\"ListItem\",\"position\":3,\"name\":\"Ophtalmology\"}]},{\"@type\":\"WebSite\",\"@id\":\"https:\\\/\\\/vetti-buba.hr\\\/#website\",\"url\":\"https:\\\/\\\/vetti-buba.hr\\\/\",\"name\":\"Buba klinika\",\"description\":\"\",\"publisher\":{\"@id\":\"https:\\\/\\\/vetti-buba.hr\\\/#organization\"},\"potentialAction\":[{\"@type\":\"SearchAction\",\"target\":{\"@type\":\"EntryPoint\",\"urlTemplate\":\"https:\\\/\\\/vetti-buba.hr\\\/?s={search_term_string}\"},\"query-input\":{\"@type\":\"PropertyValueSpecification\",\"valueRequired\":true,\"valueName\":\"search_term_string\"}}],\"inLanguage\":\"en-US\"},{\"@type\":\"Organization\",\"@id\":\"https:\\\/\\\/vetti-buba.hr\\\/#organization\",\"name\":\"Buba - Veterinarska Klinika\",\"url\":\"https:\\\/\\\/vetti-buba.hr\\\/\",\"logo\":{\"@type\":\"ImageObject\",\"inLanguage\":\"en-US\",\"@id\":\"https:\\\/\\\/vetti-buba.hr\\\/#\\\/schema\\\/logo\\\/image\\\/\",\"url\":\"https:\\\/\\\/vetti-buba.hr\\\/wp-content\\\/uploads\\\/2024\\\/09\\\/buba-logo-square.jpg\",\"contentUrl\":\"https:\\\/\\\/vetti-buba.hr\\\/wp-content\\\/uploads\\\/2024\\\/09\\\/buba-logo-square.jpg\",\"width\":500,\"height\":500,\"caption\":\"Buba - Veterinarska Klinika\"},\"image\":{\"@id\":\"https:\\\/\\\/vetti-buba.hr\\\/#\\\/schema\\\/logo\\\/image\\\/\"}}]}<\/script>\n<!-- \/ Yoast SEO plugin. -->","yoast_head_json":{"title":"Ophtalmology - Buba klinika","description":"Veterinarska oftalmologija u klinici BUBA pru\u017ea oftalmolo\u0161ke preglede i kirur\u0161ke zahvate za zdrave o\u010di va\u0161ih ljubimaca.","robots":{"index":"index","follow":"follow","max-snippet":"max-snippet:-1","max-image-preview":"max-image-preview:large","max-video-preview":"max-video-preview:-1"},"canonical":"https:\/\/vetti-buba.hr\/en\/services-of-buba-veterinary-clinic\/ophtalmology\/","og_locale":"en_US","og_type":"article","og_title":"Ophtalmology - Buba klinika","og_description":"Veterinarska oftalmologija u klinici BUBA pru\u017ea oftalmolo\u0161ke preglede i kirur\u0161ke zahvate za zdrave o\u010di va\u0161ih ljubimaca.","og_url":"https:\/\/vetti-buba.hr\/en\/services-of-buba-veterinary-clinic\/ophtalmology\/","og_site_name":"Buba klinika","article_modified_time":"2025-12-08T13:24:52+00:00","twitter_card":"summary_large_image","twitter_misc":{"Est. reading time":"2 minutes"},"schema":{"@context":"https:\/\/schema.org","@graph":[{"@type":"WebPage","@id":"https:\/\/vetti-buba.hr\/en\/services-of-buba-veterinary-clinic\/ophtalmology\/","url":"https:\/\/vetti-buba.hr\/en\/services-of-buba-veterinary-clinic\/ophtalmology\/","name":"Ophtalmology - Buba klinika","isPartOf":{"@id":"https:\/\/vetti-buba.hr\/#website"},"datePublished":"2025-02-17T13:04:14+00:00","dateModified":"2025-12-08T13:24:52+00:00","description":"Veterinarska oftalmologija u klinici BUBA pru\u017ea oftalmolo\u0161ke preglede i kirur\u0161ke zahvate za zdrave o\u010di va\u0161ih ljubimaca.","breadcrumb":{"@id":"https:\/\/vetti-buba.hr\/en\/services-of-buba-veterinary-clinic\/ophtalmology\/#breadcrumb"},"inLanguage":"en-US","potentialAction":[{"@type":"ReadAction","target":["https:\/\/vetti-buba.hr\/en\/services-of-buba-veterinary-clinic\/ophtalmology\/"]}]},{"@type":"BreadcrumbList","@id":"https:\/\/vetti-buba.hr\/en\/services-of-buba-veterinary-clinic\/ophtalmology\/#breadcrumb","itemListElement":[{"@type":"ListItem","position":1,"name":"Po\u010detna stranica","item":"https:\/\/vetti-buba.hr\/en\/"},{"@type":"ListItem","position":2,"name":"Services of Buba veterinary clinic","item":"https:\/\/vetti-buba.hr\/en\/services-of-buba-veterinary-clinic\/"},{"@type":"ListItem","position":3,"name":"Ophtalmology"}]},{"@type":"WebSite","@id":"https:\/\/vetti-buba.hr\/#website","url":"https:\/\/vetti-buba.hr\/","name":"Buba klinika","description":"","publisher":{"@id":"https:\/\/vetti-buba.hr\/#organization"},"potentialAction":[{"@type":"SearchAction","target":{"@type":"EntryPoint","urlTemplate":"https:\/\/vetti-buba.hr\/?s={search_term_string}"},"query-input":{"@type":"PropertyValueSpecification","valueRequired":true,"valueName":"search_term_string"}}],"inLanguage":"en-US"},{"@type":"Organization","@id":"https:\/\/vetti-buba.hr\/#organization","name":"Buba - Veterinarska Klinika","url":"https:\/\/vetti-buba.hr\/","logo":{"@type":"ImageObject","inLanguage":"en-US","@id":"https:\/\/vetti-buba.hr\/#\/schema\/logo\/image\/","url":"https:\/\/vetti-buba.hr\/wp-content\/uploads\/2024\/09\/buba-logo-square.jpg","contentUrl":"https:\/\/vetti-buba.hr\/wp-content\/uploads\/2024\/09\/buba-logo-square.jpg","width":500,"height":500,"caption":"Buba - Veterinarska Klinika"},"image":{"@id":"https:\/\/vetti-buba.hr\/#\/schema\/logo\/image\/"}}]}},"_links":{"self":[{"href":"https:\/\/vetti-buba.hr\/en\/wp-json\/wp\/v2\/pages\/6002","targetHints":{"allow":["GET"]}}],"collection":[{"href":"https:\/\/vetti-buba.hr\/en\/wp-json\/wp\/v2\/pages"}],"about":[{"href":"https:\/\/vetti-buba.hr\/en\/wp-json\/wp\/v2\/types\/page"}],"author":[{"embeddable":true,"href":"https:\/\/vetti-buba.hr\/en\/wp-json\/wp\/v2\/users\/3"}],"replies":[{"embeddable":true,"href":"https:\/\/vetti-buba.hr\/en\/wp-json\/wp\/v2\/comments?post=6002"}],"version-history":[{"count":5,"href":"https:\/\/vetti-buba.hr\/en\/wp-json\/wp\/v2\/pages\/6002\/revisions"}],"predecessor-version":[{"id":6667,"href":"https:\/\/vetti-buba.hr\/en\/wp-json\/wp\/v2\/pages\/6002\/revisions\/6667"}],"up":[{"embeddable":true,"href":"https:\/\/vetti-buba.hr\/en\/wp-json\/wp\/v2\/pages\/5012"}],"wp:attachment":[{"href":"https:\/\/vetti-buba.hr\/en\/wp-json\/wp\/v2\/media?parent=6002"}],"curies":[{"name":"wp","href":"https:\/\/api.w.org\/{rel}","templated":true}]}}