{"id":5674,"date":"2024-12-16T11:50:53","date_gmt":"2024-12-16T11:50:53","guid":{"rendered":"https:\/\/vetti-buba.hr\/?page_id=5674"},"modified":"2025-03-28T08:37:35","modified_gmt":"2025-03-28T08:37:35","slug":"ivana-hlusicka","status":"publish","type":"page","link":"https:\/\/vetti-buba.hr\/en\/our-team\/ivana-hlusicka\/","title":{"rendered":"Ivana Hlu\u0161i\u010dka, DVM"},"content":{"rendered":"<p>[vc_row gap=&#8221;35&#8243;][vc_column width=&#8221;1\/4&#8243;][vc_single_image image=&#8221;5678&#8243;][\/vc_column][vc_column width=&#8221;3\/4&#8243;][vc_column_text]<span data-contrast=\"none\">Dr. Hlu\u0161i\u010dka has dedicated her career to small animal practice, where she cares for pets on a daily basis in the fields of internal medicine, dermatology, dentistry, soft surgery, and diagnostics. Although her path to veterinary medicine was somewhat coincidental, during her studies, she discovered how much she enjoys working with animals.<\/span><span data-ccp-props=\"{&quot;201341983&quot;:0,&quot;335559740&quot;:279}\">\u00a0<\/span><\/p>\n<p><span data-contrast=\"none\">\u201cWorking with animals fulfils me because of their honesty and innocence,\u201d says dr. Hlu\u0161i\u010dka, adding that the patients and owners she encounters on a daily basis are an inspiration for her professional development. Facing various challenges motivates her to continuously educate herself and acquire new knowledge, because she wants to provide the best possible treatment for every pet.<\/span><span data-ccp-props=\"{&quot;201341983&quot;:0,&quot;335559740&quot;:279}\">\u00a0<\/span><\/p>\n<p><span data-contrast=\"none\">At home, she enjoys the company of her cat Cheese and her dog Mini, who, along with her work in veterinary medicine, complete her love for animals.<\/span><span data-ccp-props=\"{&quot;201341983&quot;:0,&quot;335559740&quot;:279}\">\u00a0<\/span><\/p>\n<p><span data-contrast=\"none\">For Dr. Hlu\u0161i\u010dka, BUBA Practice is much more than a workplace \u2013 it is where tradition meets modern approaches, and the team spirit and support among colleagues create the ideal work environment. &#8220;Our team is well-coordinated, and we are always there for each other, which is especially important in this job,&#8221; she emphasizes.<\/span><span data-ccp-props=\"{&quot;201341983&quot;:0,&quot;335559740&quot;:279}\">\u00a0<\/span><\/p>\n<p><strong>Education:<\/strong><\/p>\n<ul>\n<li>Faculty of Veterinary Medicine in Zagreb, <span class=\"TextRun SCXW83389856 BCX0\" lang=\"EN-GB\" xml:lang=\"EN-GB\" data-contrast=\"none\"><span class=\"NormalTextRun SCXW83389856 BCX0\">graduated in 2001<\/span><\/span><\/li>\n<li>Postgraduate study in Breeding and Pathology of Domestic Carnivores, 2009<\/li>\n<\/ul>\n<p><strong>Professional development and awards:<\/strong><\/p>\n<ul>\n<li>HUPED School of Homeopathy and Acupuncture<\/li>\n<li>BEVAS Acupuncture for Small Animals (2024, ongoing)<\/li>\n<li>Congress for Small Animals<\/li>\n<li>Dermatology seminars and congresses<\/li>\n<\/ul>\n<p>[\/vc_column_text][\/vc_column][\/vc_row]<\/p>\n","protected":false},"excerpt":{"rendered":"<p>[vc_row gap=&#8221;35&#8243;][vc_column width=&#8221;1\/4&#8243;][vc_single_image image=&#8221;5678&#8243;][\/vc_column][vc_column width=&#8221;3\/4&#8243;][vc_column_text]Dr. Hlu\u0161i\u010dka has dedicated her career to small animal practice, where she cares for pets on a daily basis in the fields of internal medicine, dermatology, dentistry, soft surgery, and diagnostics. Although her path to veterinary medicine was somewhat coincidental, during her studies, she discovered how much she enjoys working with [&hellip;]<\/p>\n","protected":false},"author":4,"featured_media":0,"parent":4871,"menu_order":0,"comment_status":"closed","ping_status":"closed","template":"","meta":{"footnotes":""},"class_list":["post-5674","page","type-page","status-publish","hentry"],"yoast_head":"<!-- This site is optimized with the Yoast SEO plugin v27.3 - https:\/\/yoast.com\/product\/yoast-seo-wordpress\/ -->\n<title>Ivana Hlu\u0161i\u010dka, DVM - Buba klinika<\/title>\n<meta name=\"description\" content=\"Dr. Ivana Hlu\u0161i\u010dka is a dedicated veterinarian at Buba Veterinary Practice, providing exceptional care for your pets.\" \/>\n<meta name=\"robots\" content=\"index, follow, max-snippet:-1, max-image-preview:large, max-video-preview:-1\" \/>\n<link rel=\"canonical\" href=\"https:\/\/vetti-buba.hr\/en\/our-team\/ivana-hlusicka\/\" \/>\n<meta property=\"og:locale\" content=\"en_US\" \/>\n<meta property=\"og:type\" content=\"article\" \/>\n<meta property=\"og:title\" content=\"Ivana Hlu\u0161i\u010dka, DVM - Buba klinika\" \/>\n<meta property=\"og:description\" content=\"Dr. Ivana Hlu\u0161i\u010dka is a dedicated veterinarian at Buba Veterinary Practice, providing exceptional care for your pets.\" \/>\n<meta property=\"og:url\" content=\"https:\/\/vetti-buba.hr\/en\/our-team\/ivana-hlusicka\/\" \/>\n<meta property=\"og:site_name\" content=\"Buba klinika\" \/>\n<meta property=\"article:modified_time\" content=\"2025-03-28T08:37:35+00:00\" \/>\n<meta name=\"twitter:card\" content=\"summary_large_image\" \/>\n<meta name=\"twitter:label1\" content=\"Est. reading time\" \/>\n\t<meta name=\"twitter:data1\" content=\"2 minutes\" \/>\n<script type=\"application\/ld+json\" class=\"yoast-schema-graph\">{\"@context\":\"https:\\\/\\\/schema.org\",\"@graph\":[{\"@type\":\"WebPage\",\"@id\":\"https:\\\/\\\/vetti-buba.hr\\\/en\\\/our-team\\\/ivana-hlusicka\\\/\",\"url\":\"https:\\\/\\\/vetti-buba.hr\\\/en\\\/our-team\\\/ivana-hlusicka\\\/\",\"name\":\"Ivana Hlu\u0161i\u010dka, DVM - Buba klinika\",\"isPartOf\":{\"@id\":\"https:\\\/\\\/vetti-buba.hr\\\/#website\"},\"datePublished\":\"2024-12-16T11:50:53+00:00\",\"dateModified\":\"2025-03-28T08:37:35+00:00\",\"description\":\"Dr. Ivana Hlu\u0161i\u010dka is a dedicated veterinarian at Buba Veterinary Practice, providing exceptional care for your pets.\",\"breadcrumb\":{\"@id\":\"https:\\\/\\\/vetti-buba.hr\\\/en\\\/our-team\\\/ivana-hlusicka\\\/#breadcrumb\"},\"inLanguage\":\"en-US\",\"potentialAction\":[{\"@type\":\"ReadAction\",\"target\":[\"https:\\\/\\\/vetti-buba.hr\\\/en\\\/our-team\\\/ivana-hlusicka\\\/\"]}]},{\"@type\":\"BreadcrumbList\",\"@id\":\"https:\\\/\\\/vetti-buba.hr\\\/en\\\/our-team\\\/ivana-hlusicka\\\/#breadcrumb\",\"itemListElement\":[{\"@type\":\"ListItem\",\"position\":1,\"name\":\"Po\u010detna stranica\",\"item\":\"https:\\\/\\\/vetti-buba.hr\\\/en\\\/\"},{\"@type\":\"ListItem\",\"position\":2,\"name\":\"Our veterinarian team\",\"item\":\"https:\\\/\\\/vetti-buba.hr\\\/en\\\/our-team\\\/\"},{\"@type\":\"ListItem\",\"position\":3,\"name\":\"Ivana Hlu\u0161i\u010dka, DVM\"}]},{\"@type\":\"WebSite\",\"@id\":\"https:\\\/\\\/vetti-buba.hr\\\/#website\",\"url\":\"https:\\\/\\\/vetti-buba.hr\\\/\",\"name\":\"Buba klinika\",\"description\":\"\",\"publisher\":{\"@id\":\"https:\\\/\\\/vetti-buba.hr\\\/#organization\"},\"potentialAction\":[{\"@type\":\"SearchAction\",\"target\":{\"@type\":\"EntryPoint\",\"urlTemplate\":\"https:\\\/\\\/vetti-buba.hr\\\/?s={search_term_string}\"},\"query-input\":{\"@type\":\"PropertyValueSpecification\",\"valueRequired\":true,\"valueName\":\"search_term_string\"}}],\"inLanguage\":\"en-US\"},{\"@type\":\"Organization\",\"@id\":\"https:\\\/\\\/vetti-buba.hr\\\/#organization\",\"name\":\"Buba - Veterinarska Klinika\",\"url\":\"https:\\\/\\\/vetti-buba.hr\\\/\",\"logo\":{\"@type\":\"ImageObject\",\"inLanguage\":\"en-US\",\"@id\":\"https:\\\/\\\/vetti-buba.hr\\\/#\\\/schema\\\/logo\\\/image\\\/\",\"url\":\"https:\\\/\\\/vetti-buba.hr\\\/wp-content\\\/uploads\\\/2024\\\/09\\\/buba-logo-square.jpg\",\"contentUrl\":\"https:\\\/\\\/vetti-buba.hr\\\/wp-content\\\/uploads\\\/2024\\\/09\\\/buba-logo-square.jpg\",\"width\":500,\"height\":500,\"caption\":\"Buba - Veterinarska Klinika\"},\"image\":{\"@id\":\"https:\\\/\\\/vetti-buba.hr\\\/#\\\/schema\\\/logo\\\/image\\\/\"}}]}<\/script>\n<!-- \/ Yoast SEO plugin. -->","yoast_head_json":{"title":"Ivana Hlu\u0161i\u010dka, DVM - Buba klinika","description":"Dr. Ivana Hlu\u0161i\u010dka is a dedicated veterinarian at Buba Veterinary Practice, providing exceptional care for your pets.","robots":{"index":"index","follow":"follow","max-snippet":"max-snippet:-1","max-image-preview":"max-image-preview:large","max-video-preview":"max-video-preview:-1"},"canonical":"https:\/\/vetti-buba.hr\/en\/our-team\/ivana-hlusicka\/","og_locale":"en_US","og_type":"article","og_title":"Ivana Hlu\u0161i\u010dka, DVM - Buba klinika","og_description":"Dr. Ivana Hlu\u0161i\u010dka is a dedicated veterinarian at Buba Veterinary Practice, providing exceptional care for your pets.","og_url":"https:\/\/vetti-buba.hr\/en\/our-team\/ivana-hlusicka\/","og_site_name":"Buba klinika","article_modified_time":"2025-03-28T08:37:35+00:00","twitter_card":"summary_large_image","twitter_misc":{"Est. reading time":"2 minutes"},"schema":{"@context":"https:\/\/schema.org","@graph":[{"@type":"WebPage","@id":"https:\/\/vetti-buba.hr\/en\/our-team\/ivana-hlusicka\/","url":"https:\/\/vetti-buba.hr\/en\/our-team\/ivana-hlusicka\/","name":"Ivana Hlu\u0161i\u010dka, DVM - Buba klinika","isPartOf":{"@id":"https:\/\/vetti-buba.hr\/#website"},"datePublished":"2024-12-16T11:50:53+00:00","dateModified":"2025-03-28T08:37:35+00:00","description":"Dr. Ivana Hlu\u0161i\u010dka is a dedicated veterinarian at Buba Veterinary Practice, providing exceptional care for your pets.","breadcrumb":{"@id":"https:\/\/vetti-buba.hr\/en\/our-team\/ivana-hlusicka\/#breadcrumb"},"inLanguage":"en-US","potentialAction":[{"@type":"ReadAction","target":["https:\/\/vetti-buba.hr\/en\/our-team\/ivana-hlusicka\/"]}]},{"@type":"BreadcrumbList","@id":"https:\/\/vetti-buba.hr\/en\/our-team\/ivana-hlusicka\/#breadcrumb","itemListElement":[{"@type":"ListItem","position":1,"name":"Po\u010detna stranica","item":"https:\/\/vetti-buba.hr\/en\/"},{"@type":"ListItem","position":2,"name":"Our veterinarian team","item":"https:\/\/vetti-buba.hr\/en\/our-team\/"},{"@type":"ListItem","position":3,"name":"Ivana Hlu\u0161i\u010dka, DVM"}]},{"@type":"WebSite","@id":"https:\/\/vetti-buba.hr\/#website","url":"https:\/\/vetti-buba.hr\/","name":"Buba klinika","description":"","publisher":{"@id":"https:\/\/vetti-buba.hr\/#organization"},"potentialAction":[{"@type":"SearchAction","target":{"@type":"EntryPoint","urlTemplate":"https:\/\/vetti-buba.hr\/?s={search_term_string}"},"query-input":{"@type":"PropertyValueSpecification","valueRequired":true,"valueName":"search_term_string"}}],"inLanguage":"en-US"},{"@type":"Organization","@id":"https:\/\/vetti-buba.hr\/#organization","name":"Buba - Veterinarska Klinika","url":"https:\/\/vetti-buba.hr\/","logo":{"@type":"ImageObject","inLanguage":"en-US","@id":"https:\/\/vetti-buba.hr\/#\/schema\/logo\/image\/","url":"https:\/\/vetti-buba.hr\/wp-content\/uploads\/2024\/09\/buba-logo-square.jpg","contentUrl":"https:\/\/vetti-buba.hr\/wp-content\/uploads\/2024\/09\/buba-logo-square.jpg","width":500,"height":500,"caption":"Buba - Veterinarska Klinika"},"image":{"@id":"https:\/\/vetti-buba.hr\/#\/schema\/logo\/image\/"}}]}},"_links":{"self":[{"href":"https:\/\/vetti-buba.hr\/en\/wp-json\/wp\/v2\/pages\/5674","targetHints":{"allow":["GET"]}}],"collection":[{"href":"https:\/\/vetti-buba.hr\/en\/wp-json\/wp\/v2\/pages"}],"about":[{"href":"https:\/\/vetti-buba.hr\/en\/wp-json\/wp\/v2\/types\/page"}],"author":[{"embeddable":true,"href":"https:\/\/vetti-buba.hr\/en\/wp-json\/wp\/v2\/users\/4"}],"replies":[{"embeddable":true,"href":"https:\/\/vetti-buba.hr\/en\/wp-json\/wp\/v2\/comments?post=5674"}],"version-history":[{"count":3,"href":"https:\/\/vetti-buba.hr\/en\/wp-json\/wp\/v2\/pages\/5674\/revisions"}],"predecessor-version":[{"id":5896,"href":"https:\/\/vetti-buba.hr\/en\/wp-json\/wp\/v2\/pages\/5674\/revisions\/5896"}],"up":[{"embeddable":true,"href":"https:\/\/vetti-buba.hr\/en\/wp-json\/wp\/v2\/pages\/4871"}],"wp:attachment":[{"href":"https:\/\/vetti-buba.hr\/en\/wp-json\/wp\/v2\/media?parent=5674"}],"curies":[{"name":"wp","href":"https:\/\/api.w.org\/{rel}","templated":true}]}}