{"id":5554,"date":"2024-12-06T10:00:12","date_gmt":"2024-12-06T10:00:12","guid":{"rendered":"https:\/\/vetti-buba.hr\/?page_id=5554"},"modified":"2025-08-01T05:35:52","modified_gmt":"2025-08-01T05:35:52","slug":"sara-adzic","status":"publish","type":"page","link":"https:\/\/vetti-buba.hr\/en\/our-team\/sara-adzic\/","title":{"rendered":"Sara Ad\u017ei\u0107, DVM"},"content":{"rendered":"<p>[vc_row gap=&#8221;35&#8243;][vc_column width=&#8221;1\/4&#8243;][vc_single_image image=&#8221;5684&#8243;][\/vc_column][vc_column width=&#8221;3\/4&#8243;][vc_column_text]<span data-contrast=\"none\">Dr. Ad\u017ei\u0107 found her path in veterinary medicine through developing a career in internal medicine, with a particular focus on emergency medicine, neurology, and reproduction. Her passion for working with animals motivated her to become a veterinarian, believing that through her work she can be a &#8220;voice&#8221; for animals and help them when they need it most.<\/span><span data-ccp-props=\"{}\">\u00a0<\/span><\/p>\n<p><span data-contrast=\"none\">She shares her home with a diverse group of pets, from lizards, fish, dogs, cats, rabbits, pigeons and chickens. Among them, her special companion is Stipe, a gecko.<\/span><span data-ccp-props=\"{}\">\u00a0<\/span><\/p>\n<p><span class=\"TextRun SCXW7064581 BCX0\" lang=\"EN-GB\" xml:lang=\"EN-GB\" data-contrast=\"auto\"><span class=\"NormalTextRun SCXW7064581 BCX0\">\u201cA large variety of cases and the ability to follow patients from start to finish <\/span><span class=\"NormalTextRun SpellingErrorV2Themed SCXW7064581 BCX0\">fulfills<\/span><span class=\"NormalTextRun SCXW7064581 BCX0\"> me greatly,\u201d emphasizes <\/span><span class=\"NormalTextRun SCXW7064581 BCX0\">Dr.<\/span><span class=\"NormalTextRun SCXW7064581 BCX0\"> Ad\u017ei\u0107<\/span><\/span><span class=\"TextRun SCXW7064581 BCX0\" lang=\"EN-GB\" xml:lang=\"EN-GB\" data-contrast=\"none\"><span class=\"NormalTextRun SCXW7064581 BCX0\"> emphasizing the importance of a comprehensive approach at the Clinic, where patients are <\/span><span class=\"NormalTextRun SCXW7064581 BCX0\">monitored<\/span><span class=\"NormalTextRun SCXW7064581 BCX0\"> from start to finish. Complete diagnostics and a team of expert collaborators enables the resolution of complex cases that smaller practices often refer elsewhere. &#8220;The advantage of Buba Clinic is in providing complete care for every patient,&#8221; says <\/span><span class=\"NormalTextRun SCXW7064581 BCX0\">Dr.<\/span><span class=\"NormalTextRun SCXW7064581 BCX0\"> Ad<\/span><span class=\"NormalTextRun SCXW7064581 BCX0\">\u017e<\/span><span class=\"NormalTextRun SCXW7064581 BCX0\">i<\/span><span class=\"NormalTextRun SCXW7064581 BCX0\">\u0107<\/span><span class=\"NormalTextRun SCXW7064581 BCX0\">.<\/span><\/span><span class=\"EOP SCXW7064581 BCX0\" data-ccp-props=\"{}\">\u00a0<\/span><\/p>\n<p><strong>Education:<\/strong><\/p>\n<ul>\n<li><span class=\"TextRun SCXW83389856 BCX0\" lang=\"EN-GB\" xml:lang=\"EN-GB\" data-contrast=\"none\"><span class=\"NormalTextRun SCXW83389856 BCX0\">Faculty of Veterinary Medicine in Zagreb, graduated in 2024<\/span><\/span><span class=\"EOP SCXW83389856 BCX0\" data-ccp-props=\"{}\">\u00a0<\/span><\/li>\n<\/ul>\n<p><strong>Professional development and awards:\u00a0<\/strong><\/p>\n<ul>\n<li>Recipient of the Rector\u2019s Award for scientific work (2024)<\/li>\n<\/ul>\n<p>[\/vc_column_text][\/vc_column][\/vc_row]<\/p>\n","protected":false},"excerpt":{"rendered":"<p>[vc_row gap=&#8221;35&#8243;][vc_column width=&#8221;1\/4&#8243;][vc_single_image image=&#8221;5684&#8243;][\/vc_column][vc_column width=&#8221;3\/4&#8243;][vc_column_text]Dr. Ad\u017ei\u0107 found her path in veterinary medicine through developing a career in internal medicine, with a particular focus on emergency medicine, neurology, and reproduction. Her passion for working with animals motivated her to become a veterinarian, believing that through her work she can be a &#8220;voice&#8221; for animals and help [&hellip;]<\/p>\n","protected":false},"author":4,"featured_media":0,"parent":4871,"menu_order":0,"comment_status":"closed","ping_status":"closed","template":"","meta":{"footnotes":""},"class_list":["post-5554","page","type-page","status-publish","hentry"],"yoast_head":"<!-- This site is optimized with the Yoast SEO plugin v27.3 - https:\/\/yoast.com\/product\/yoast-seo-wordpress\/ -->\n<title>Sara Ad\u017ei\u0107, DVM - Buba klinika<\/title>\n<meta name=\"description\" content=\"Dr. Sara Ad\u017ei\u0107 specializes in internal medicine with a focus on emergency medicine and neurology, ensuring comprehensive care for your pets.\" \/>\n<meta name=\"robots\" content=\"index, follow, max-snippet:-1, max-image-preview:large, max-video-preview:-1\" \/>\n<link rel=\"canonical\" href=\"https:\/\/vetti-buba.hr\/en\/our-team\/sara-adzic\/\" \/>\n<meta property=\"og:locale\" content=\"en_US\" \/>\n<meta property=\"og:type\" content=\"article\" \/>\n<meta property=\"og:title\" content=\"Sara Ad\u017ei\u0107, DVM - Buba klinika\" \/>\n<meta property=\"og:description\" content=\"Dr. Sara Ad\u017ei\u0107 specializes in internal medicine with a focus on emergency medicine and neurology, ensuring comprehensive care for your pets.\" \/>\n<meta property=\"og:url\" content=\"https:\/\/vetti-buba.hr\/en\/our-team\/sara-adzic\/\" \/>\n<meta property=\"og:site_name\" content=\"Buba klinika\" \/>\n<meta property=\"article:modified_time\" content=\"2025-08-01T05:35:52+00:00\" \/>\n<meta name=\"twitter:card\" content=\"summary_large_image\" \/>\n<meta name=\"twitter:label1\" content=\"Est. reading time\" \/>\n\t<meta name=\"twitter:data1\" content=\"1 minute\" \/>\n<script type=\"application\/ld+json\" class=\"yoast-schema-graph\">{\"@context\":\"https:\\\/\\\/schema.org\",\"@graph\":[{\"@type\":\"WebPage\",\"@id\":\"https:\\\/\\\/vetti-buba.hr\\\/en\\\/our-team\\\/sara-adzic\\\/\",\"url\":\"https:\\\/\\\/vetti-buba.hr\\\/en\\\/our-team\\\/sara-adzic\\\/\",\"name\":\"Sara Ad\u017ei\u0107, DVM - Buba klinika\",\"isPartOf\":{\"@id\":\"https:\\\/\\\/vetti-buba.hr\\\/#website\"},\"datePublished\":\"2024-12-06T10:00:12+00:00\",\"dateModified\":\"2025-08-01T05:35:52+00:00\",\"description\":\"Dr. Sara Ad\u017ei\u0107 specializes in internal medicine with a focus on emergency medicine and neurology, ensuring comprehensive care for your pets.\",\"breadcrumb\":{\"@id\":\"https:\\\/\\\/vetti-buba.hr\\\/en\\\/our-team\\\/sara-adzic\\\/#breadcrumb\"},\"inLanguage\":\"en-US\",\"potentialAction\":[{\"@type\":\"ReadAction\",\"target\":[\"https:\\\/\\\/vetti-buba.hr\\\/en\\\/our-team\\\/sara-adzic\\\/\"]}]},{\"@type\":\"BreadcrumbList\",\"@id\":\"https:\\\/\\\/vetti-buba.hr\\\/en\\\/our-team\\\/sara-adzic\\\/#breadcrumb\",\"itemListElement\":[{\"@type\":\"ListItem\",\"position\":1,\"name\":\"Po\u010detna stranica\",\"item\":\"https:\\\/\\\/vetti-buba.hr\\\/en\\\/\"},{\"@type\":\"ListItem\",\"position\":2,\"name\":\"Our veterinarian team\",\"item\":\"https:\\\/\\\/vetti-buba.hr\\\/en\\\/our-team\\\/\"},{\"@type\":\"ListItem\",\"position\":3,\"name\":\"Sara Ad\u017ei\u0107, DVM\"}]},{\"@type\":\"WebSite\",\"@id\":\"https:\\\/\\\/vetti-buba.hr\\\/#website\",\"url\":\"https:\\\/\\\/vetti-buba.hr\\\/\",\"name\":\"Buba klinika\",\"description\":\"\",\"publisher\":{\"@id\":\"https:\\\/\\\/vetti-buba.hr\\\/#organization\"},\"potentialAction\":[{\"@type\":\"SearchAction\",\"target\":{\"@type\":\"EntryPoint\",\"urlTemplate\":\"https:\\\/\\\/vetti-buba.hr\\\/?s={search_term_string}\"},\"query-input\":{\"@type\":\"PropertyValueSpecification\",\"valueRequired\":true,\"valueName\":\"search_term_string\"}}],\"inLanguage\":\"en-US\"},{\"@type\":\"Organization\",\"@id\":\"https:\\\/\\\/vetti-buba.hr\\\/#organization\",\"name\":\"Buba - Veterinarska Klinika\",\"url\":\"https:\\\/\\\/vetti-buba.hr\\\/\",\"logo\":{\"@type\":\"ImageObject\",\"inLanguage\":\"en-US\",\"@id\":\"https:\\\/\\\/vetti-buba.hr\\\/#\\\/schema\\\/logo\\\/image\\\/\",\"url\":\"https:\\\/\\\/vetti-buba.hr\\\/wp-content\\\/uploads\\\/2024\\\/09\\\/buba-logo-square.jpg\",\"contentUrl\":\"https:\\\/\\\/vetti-buba.hr\\\/wp-content\\\/uploads\\\/2024\\\/09\\\/buba-logo-square.jpg\",\"width\":500,\"height\":500,\"caption\":\"Buba - Veterinarska Klinika\"},\"image\":{\"@id\":\"https:\\\/\\\/vetti-buba.hr\\\/#\\\/schema\\\/logo\\\/image\\\/\"}}]}<\/script>\n<!-- \/ Yoast SEO plugin. -->","yoast_head_json":{"title":"Sara Ad\u017ei\u0107, DVM - Buba klinika","description":"Dr. Sara Ad\u017ei\u0107 specializes in internal medicine with a focus on emergency medicine and neurology, ensuring comprehensive care for your pets.","robots":{"index":"index","follow":"follow","max-snippet":"max-snippet:-1","max-image-preview":"max-image-preview:large","max-video-preview":"max-video-preview:-1"},"canonical":"https:\/\/vetti-buba.hr\/en\/our-team\/sara-adzic\/","og_locale":"en_US","og_type":"article","og_title":"Sara Ad\u017ei\u0107, DVM - Buba klinika","og_description":"Dr. Sara Ad\u017ei\u0107 specializes in internal medicine with a focus on emergency medicine and neurology, ensuring comprehensive care for your pets.","og_url":"https:\/\/vetti-buba.hr\/en\/our-team\/sara-adzic\/","og_site_name":"Buba klinika","article_modified_time":"2025-08-01T05:35:52+00:00","twitter_card":"summary_large_image","twitter_misc":{"Est. reading time":"1 minute"},"schema":{"@context":"https:\/\/schema.org","@graph":[{"@type":"WebPage","@id":"https:\/\/vetti-buba.hr\/en\/our-team\/sara-adzic\/","url":"https:\/\/vetti-buba.hr\/en\/our-team\/sara-adzic\/","name":"Sara Ad\u017ei\u0107, DVM - Buba klinika","isPartOf":{"@id":"https:\/\/vetti-buba.hr\/#website"},"datePublished":"2024-12-06T10:00:12+00:00","dateModified":"2025-08-01T05:35:52+00:00","description":"Dr. Sara Ad\u017ei\u0107 specializes in internal medicine with a focus on emergency medicine and neurology, ensuring comprehensive care for your pets.","breadcrumb":{"@id":"https:\/\/vetti-buba.hr\/en\/our-team\/sara-adzic\/#breadcrumb"},"inLanguage":"en-US","potentialAction":[{"@type":"ReadAction","target":["https:\/\/vetti-buba.hr\/en\/our-team\/sara-adzic\/"]}]},{"@type":"BreadcrumbList","@id":"https:\/\/vetti-buba.hr\/en\/our-team\/sara-adzic\/#breadcrumb","itemListElement":[{"@type":"ListItem","position":1,"name":"Po\u010detna stranica","item":"https:\/\/vetti-buba.hr\/en\/"},{"@type":"ListItem","position":2,"name":"Our veterinarian team","item":"https:\/\/vetti-buba.hr\/en\/our-team\/"},{"@type":"ListItem","position":3,"name":"Sara Ad\u017ei\u0107, DVM"}]},{"@type":"WebSite","@id":"https:\/\/vetti-buba.hr\/#website","url":"https:\/\/vetti-buba.hr\/","name":"Buba klinika","description":"","publisher":{"@id":"https:\/\/vetti-buba.hr\/#organization"},"potentialAction":[{"@type":"SearchAction","target":{"@type":"EntryPoint","urlTemplate":"https:\/\/vetti-buba.hr\/?s={search_term_string}"},"query-input":{"@type":"PropertyValueSpecification","valueRequired":true,"valueName":"search_term_string"}}],"inLanguage":"en-US"},{"@type":"Organization","@id":"https:\/\/vetti-buba.hr\/#organization","name":"Buba - Veterinarska Klinika","url":"https:\/\/vetti-buba.hr\/","logo":{"@type":"ImageObject","inLanguage":"en-US","@id":"https:\/\/vetti-buba.hr\/#\/schema\/logo\/image\/","url":"https:\/\/vetti-buba.hr\/wp-content\/uploads\/2024\/09\/buba-logo-square.jpg","contentUrl":"https:\/\/vetti-buba.hr\/wp-content\/uploads\/2024\/09\/buba-logo-square.jpg","width":500,"height":500,"caption":"Buba - Veterinarska Klinika"},"image":{"@id":"https:\/\/vetti-buba.hr\/#\/schema\/logo\/image\/"}}]}},"_links":{"self":[{"href":"https:\/\/vetti-buba.hr\/en\/wp-json\/wp\/v2\/pages\/5554","targetHints":{"allow":["GET"]}}],"collection":[{"href":"https:\/\/vetti-buba.hr\/en\/wp-json\/wp\/v2\/pages"}],"about":[{"href":"https:\/\/vetti-buba.hr\/en\/wp-json\/wp\/v2\/types\/page"}],"author":[{"embeddable":true,"href":"https:\/\/vetti-buba.hr\/en\/wp-json\/wp\/v2\/users\/4"}],"replies":[{"embeddable":true,"href":"https:\/\/vetti-buba.hr\/en\/wp-json\/wp\/v2\/comments?post=5554"}],"version-history":[{"count":7,"href":"https:\/\/vetti-buba.hr\/en\/wp-json\/wp\/v2\/pages\/5554\/revisions"}],"predecessor-version":[{"id":6484,"href":"https:\/\/vetti-buba.hr\/en\/wp-json\/wp\/v2\/pages\/5554\/revisions\/6484"}],"up":[{"embeddable":true,"href":"https:\/\/vetti-buba.hr\/en\/wp-json\/wp\/v2\/pages\/4871"}],"wp:attachment":[{"href":"https:\/\/vetti-buba.hr\/en\/wp-json\/wp\/v2\/media?parent=5554"}],"curies":[{"name":"wp","href":"https:\/\/api.w.org\/{rel}","templated":true}]}}