{"id":5416,"date":"2024-11-27T10:34:32","date_gmt":"2024-11-27T10:34:32","guid":{"rendered":"https:\/\/vetti-buba.hr\/our-team\/dr-med-vet-petra-jurisic\/"},"modified":"2025-03-28T08:29:21","modified_gmt":"2025-03-28T08:29:21","slug":"dr-med-vet-petra-jurisic","status":"publish","type":"page","link":"https:\/\/vetti-buba.hr\/en\/our-team\/dr-med-vet-petra-jurisic\/","title":{"rendered":"Petra Juri\u0161i\u0107, DVM"},"content":{"rendered":"<p>[vc_row gap=&#8221;35&#8243;][vc_column width=&#8221;1\/4&#8243;][vc_single_image image=&#8221;6047&#8243;][\/vc_column][vc_column width=&#8221;3\/4&#8243;][vc_column_text]Dr. Juri\u0161i\u0107 specializes in internal medicine, enthusiastically exploring what suits her best in this extensive field. She particularly enjoys the challenges of inpatient care, dedicating herself to pets going through the most demanding stages of treatment. Her expertise and calmness in work ensure quality care and support for patients and their owners.<\/p>\n<p>Her love for animals and natural sciences, such as biology and chemistry, directed her towards veterinary medicine as an ideal career. \u201cI have a dog, Oscar, a mixed breed I&#8217;ve had since childhood, and I adore animals. That\u2019s why I decided to combine my passion with the desire to help them,\u201d adds Dr. Juri\u0161i\u0107, revealing how important it is for her to be with those who need help the most every day.<\/p>\n<p>In addition to her expertise, Dr. Juri\u0161i\u0107 values her team highly. The special thing about BUBA Clinic is the people. My team is number one, along with all the diagnostic tools. If they weren\u2019t as great and willing to help, it just wouldn\u2019t be the same,&#8221; she emphasizes, highlighting the importance of collaboration and mutual support among colleagues as the key to the clinic&#8217;s success.<\/p>\n<p><strong>Education:<\/strong><\/p>\n<ul>\n<li>Faculty of Veterinary Medicine in Zagreb, graduated in 2024<\/li>\n<\/ul>\n<p>[\/vc_column_text][\/vc_column][\/vc_row]<\/p>\n","protected":false},"excerpt":{"rendered":"<p>[vc_row gap=&#8221;35&#8243;][vc_column width=&#8221;1\/4&#8243;][vc_single_image image=&#8221;6047&#8243;][\/vc_column][vc_column width=&#8221;3\/4&#8243;][vc_column_text]Dr. Juri\u0161i\u0107 specializes in internal medicine, enthusiastically exploring what suits her best in this extensive field. She particularly enjoys the challenges of inpatient care, dedicating herself to pets going through the most demanding stages of treatment. Her expertise and calmness in work ensure quality care and support for patients and their [&hellip;]<\/p>\n","protected":false},"author":1,"featured_media":0,"parent":4871,"menu_order":0,"comment_status":"closed","ping_status":"closed","template":"","meta":{"footnotes":""},"class_list":["post-5416","page","type-page","status-publish","hentry"],"yoast_head":"<!-- This site is optimized with the Yoast SEO plugin v27.3 - https:\/\/yoast.com\/product\/yoast-seo-wordpress\/ -->\n<title>Petra Juri\u0161i\u0107, DVM - Buba klinika<\/title>\n<meta name=\"description\" content=\"Dr. Petra Juri\u0161i\u0107 is a devoted veterinarian at Buba Veterinary Clinic, offering expert medical services to keep your pets healthy and happy.\" \/>\n<meta name=\"robots\" content=\"index, follow, max-snippet:-1, max-image-preview:large, max-video-preview:-1\" \/>\n<link rel=\"canonical\" href=\"https:\/\/vetti-buba.hr\/en\/our-team\/dr-med-vet-petra-jurisic\/\" \/>\n<meta property=\"og:locale\" content=\"en_US\" \/>\n<meta property=\"og:type\" content=\"article\" \/>\n<meta property=\"og:title\" content=\"Petra Juri\u0161i\u0107, DVM - Buba klinika\" \/>\n<meta property=\"og:description\" content=\"Dr. Petra Juri\u0161i\u0107 is a devoted veterinarian at Buba Veterinary Clinic, offering expert medical services to keep your pets healthy and happy.\" \/>\n<meta property=\"og:url\" content=\"https:\/\/vetti-buba.hr\/en\/our-team\/dr-med-vet-petra-jurisic\/\" \/>\n<meta property=\"og:site_name\" content=\"Buba klinika\" \/>\n<meta property=\"article:modified_time\" content=\"2025-03-28T08:29:21+00:00\" \/>\n<meta name=\"twitter:card\" content=\"summary_large_image\" \/>\n<meta name=\"twitter:label1\" content=\"Est. reading time\" \/>\n\t<meta name=\"twitter:data1\" content=\"2 minutes\" \/>\n<script type=\"application\/ld+json\" class=\"yoast-schema-graph\">{\"@context\":\"https:\\\/\\\/schema.org\",\"@graph\":[{\"@type\":\"WebPage\",\"@id\":\"https:\\\/\\\/vetti-buba.hr\\\/en\\\/our-team\\\/dr-med-vet-petra-jurisic\\\/\",\"url\":\"https:\\\/\\\/vetti-buba.hr\\\/en\\\/our-team\\\/dr-med-vet-petra-jurisic\\\/\",\"name\":\"Petra Juri\u0161i\u0107, DVM - Buba klinika\",\"isPartOf\":{\"@id\":\"https:\\\/\\\/vetti-buba.hr\\\/#website\"},\"datePublished\":\"2024-11-27T10:34:32+00:00\",\"dateModified\":\"2025-03-28T08:29:21+00:00\",\"description\":\"Dr. Petra Juri\u0161i\u0107 is a devoted veterinarian at Buba Veterinary Clinic, offering expert medical services to keep your pets healthy and happy.\",\"breadcrumb\":{\"@id\":\"https:\\\/\\\/vetti-buba.hr\\\/en\\\/our-team\\\/dr-med-vet-petra-jurisic\\\/#breadcrumb\"},\"inLanguage\":\"en-US\",\"potentialAction\":[{\"@type\":\"ReadAction\",\"target\":[\"https:\\\/\\\/vetti-buba.hr\\\/en\\\/our-team\\\/dr-med-vet-petra-jurisic\\\/\"]}]},{\"@type\":\"BreadcrumbList\",\"@id\":\"https:\\\/\\\/vetti-buba.hr\\\/en\\\/our-team\\\/dr-med-vet-petra-jurisic\\\/#breadcrumb\",\"itemListElement\":[{\"@type\":\"ListItem\",\"position\":1,\"name\":\"Po\u010detna stranica\",\"item\":\"https:\\\/\\\/vetti-buba.hr\\\/en\\\/\"},{\"@type\":\"ListItem\",\"position\":2,\"name\":\"Our veterinarian team\",\"item\":\"https:\\\/\\\/vetti-buba.hr\\\/en\\\/our-team\\\/\"},{\"@type\":\"ListItem\",\"position\":3,\"name\":\"Petra Juri\u0161i\u0107, DVM\"}]},{\"@type\":\"WebSite\",\"@id\":\"https:\\\/\\\/vetti-buba.hr\\\/#website\",\"url\":\"https:\\\/\\\/vetti-buba.hr\\\/\",\"name\":\"Buba klinika\",\"description\":\"\",\"publisher\":{\"@id\":\"https:\\\/\\\/vetti-buba.hr\\\/#organization\"},\"potentialAction\":[{\"@type\":\"SearchAction\",\"target\":{\"@type\":\"EntryPoint\",\"urlTemplate\":\"https:\\\/\\\/vetti-buba.hr\\\/?s={search_term_string}\"},\"query-input\":{\"@type\":\"PropertyValueSpecification\",\"valueRequired\":true,\"valueName\":\"search_term_string\"}}],\"inLanguage\":\"en-US\"},{\"@type\":\"Organization\",\"@id\":\"https:\\\/\\\/vetti-buba.hr\\\/#organization\",\"name\":\"Buba - Veterinarska Klinika\",\"url\":\"https:\\\/\\\/vetti-buba.hr\\\/\",\"logo\":{\"@type\":\"ImageObject\",\"inLanguage\":\"en-US\",\"@id\":\"https:\\\/\\\/vetti-buba.hr\\\/#\\\/schema\\\/logo\\\/image\\\/\",\"url\":\"https:\\\/\\\/vetti-buba.hr\\\/wp-content\\\/uploads\\\/2024\\\/09\\\/buba-logo-square.jpg\",\"contentUrl\":\"https:\\\/\\\/vetti-buba.hr\\\/wp-content\\\/uploads\\\/2024\\\/09\\\/buba-logo-square.jpg\",\"width\":500,\"height\":500,\"caption\":\"Buba - Veterinarska Klinika\"},\"image\":{\"@id\":\"https:\\\/\\\/vetti-buba.hr\\\/#\\\/schema\\\/logo\\\/image\\\/\"}}]}<\/script>\n<!-- \/ Yoast SEO plugin. -->","yoast_head_json":{"title":"Petra Juri\u0161i\u0107, DVM - Buba klinika","description":"Dr. Petra Juri\u0161i\u0107 is a devoted veterinarian at Buba Veterinary Clinic, offering expert medical services to keep your pets healthy and happy.","robots":{"index":"index","follow":"follow","max-snippet":"max-snippet:-1","max-image-preview":"max-image-preview:large","max-video-preview":"max-video-preview:-1"},"canonical":"https:\/\/vetti-buba.hr\/en\/our-team\/dr-med-vet-petra-jurisic\/","og_locale":"en_US","og_type":"article","og_title":"Petra Juri\u0161i\u0107, DVM - Buba klinika","og_description":"Dr. Petra Juri\u0161i\u0107 is a devoted veterinarian at Buba Veterinary Clinic, offering expert medical services to keep your pets healthy and happy.","og_url":"https:\/\/vetti-buba.hr\/en\/our-team\/dr-med-vet-petra-jurisic\/","og_site_name":"Buba klinika","article_modified_time":"2025-03-28T08:29:21+00:00","twitter_card":"summary_large_image","twitter_misc":{"Est. reading time":"2 minutes"},"schema":{"@context":"https:\/\/schema.org","@graph":[{"@type":"WebPage","@id":"https:\/\/vetti-buba.hr\/en\/our-team\/dr-med-vet-petra-jurisic\/","url":"https:\/\/vetti-buba.hr\/en\/our-team\/dr-med-vet-petra-jurisic\/","name":"Petra Juri\u0161i\u0107, DVM - Buba klinika","isPartOf":{"@id":"https:\/\/vetti-buba.hr\/#website"},"datePublished":"2024-11-27T10:34:32+00:00","dateModified":"2025-03-28T08:29:21+00:00","description":"Dr. Petra Juri\u0161i\u0107 is a devoted veterinarian at Buba Veterinary Clinic, offering expert medical services to keep your pets healthy and happy.","breadcrumb":{"@id":"https:\/\/vetti-buba.hr\/en\/our-team\/dr-med-vet-petra-jurisic\/#breadcrumb"},"inLanguage":"en-US","potentialAction":[{"@type":"ReadAction","target":["https:\/\/vetti-buba.hr\/en\/our-team\/dr-med-vet-petra-jurisic\/"]}]},{"@type":"BreadcrumbList","@id":"https:\/\/vetti-buba.hr\/en\/our-team\/dr-med-vet-petra-jurisic\/#breadcrumb","itemListElement":[{"@type":"ListItem","position":1,"name":"Po\u010detna stranica","item":"https:\/\/vetti-buba.hr\/en\/"},{"@type":"ListItem","position":2,"name":"Our veterinarian team","item":"https:\/\/vetti-buba.hr\/en\/our-team\/"},{"@type":"ListItem","position":3,"name":"Petra Juri\u0161i\u0107, DVM"}]},{"@type":"WebSite","@id":"https:\/\/vetti-buba.hr\/#website","url":"https:\/\/vetti-buba.hr\/","name":"Buba klinika","description":"","publisher":{"@id":"https:\/\/vetti-buba.hr\/#organization"},"potentialAction":[{"@type":"SearchAction","target":{"@type":"EntryPoint","urlTemplate":"https:\/\/vetti-buba.hr\/?s={search_term_string}"},"query-input":{"@type":"PropertyValueSpecification","valueRequired":true,"valueName":"search_term_string"}}],"inLanguage":"en-US"},{"@type":"Organization","@id":"https:\/\/vetti-buba.hr\/#organization","name":"Buba - Veterinarska Klinika","url":"https:\/\/vetti-buba.hr\/","logo":{"@type":"ImageObject","inLanguage":"en-US","@id":"https:\/\/vetti-buba.hr\/#\/schema\/logo\/image\/","url":"https:\/\/vetti-buba.hr\/wp-content\/uploads\/2024\/09\/buba-logo-square.jpg","contentUrl":"https:\/\/vetti-buba.hr\/wp-content\/uploads\/2024\/09\/buba-logo-square.jpg","width":500,"height":500,"caption":"Buba - Veterinarska Klinika"},"image":{"@id":"https:\/\/vetti-buba.hr\/#\/schema\/logo\/image\/"}}]}},"_links":{"self":[{"href":"https:\/\/vetti-buba.hr\/en\/wp-json\/wp\/v2\/pages\/5416","targetHints":{"allow":["GET"]}}],"collection":[{"href":"https:\/\/vetti-buba.hr\/en\/wp-json\/wp\/v2\/pages"}],"about":[{"href":"https:\/\/vetti-buba.hr\/en\/wp-json\/wp\/v2\/types\/page"}],"author":[{"embeddable":true,"href":"https:\/\/vetti-buba.hr\/en\/wp-json\/wp\/v2\/users\/1"}],"replies":[{"embeddable":true,"href":"https:\/\/vetti-buba.hr\/en\/wp-json\/wp\/v2\/comments?post=5416"}],"version-history":[{"count":3,"href":"https:\/\/vetti-buba.hr\/en\/wp-json\/wp\/v2\/pages\/5416\/revisions"}],"predecessor-version":[{"id":6052,"href":"https:\/\/vetti-buba.hr\/en\/wp-json\/wp\/v2\/pages\/5416\/revisions\/6052"}],"up":[{"embeddable":true,"href":"https:\/\/vetti-buba.hr\/en\/wp-json\/wp\/v2\/pages\/4871"}],"wp:attachment":[{"href":"https:\/\/vetti-buba.hr\/en\/wp-json\/wp\/v2\/media?parent=5416"}],"curies":[{"name":"wp","href":"https:\/\/api.w.org\/{rel}","templated":true}]}}