{"id":5392,"date":"2024-08-21T06:54:13","date_gmt":"2024-08-21T06:54:13","guid":{"rendered":"https:\/\/vetti-buba.hr\/our-team\/sasa-dujanovic\/"},"modified":"2025-03-28T08:46:03","modified_gmt":"2025-03-28T08:46:03","slug":"sasa-dujanovic","status":"publish","type":"page","link":"https:\/\/vetti-buba.hr\/en\/our-team\/sasa-dujanovic\/","title":{"rendered":"Sa\u0161a Dujanovi\u0107, DVM"},"content":{"rendered":"<p>[vc_row gap=&#8221;35&#8243;][vc_column width=&#8221;1\/4&#8243;][vc_single_image image=&#8221;5726&#8243;][\/vc_column][vc_column width=&#8221;3\/4&#8243;][vc_column_text]Dr. Dujanovi\u0107 specializes in internal medicine, with a particular focus on endocrinology and cytology, where he demonstrates his passion for tackling diverse and complex cases. With over 20 years of experience, his career is marked by meticulous attention to detail, dedication to each patient, and ongoing professional development through education and collaboration with seasoned colleagues. Dr. Dujanovi\u0107 is especially proud of learning under the guidance of Dr. Ivana Ljolje, whose mentorship inspired him to deliver top-tier care with empathy.<\/p>\n<p>His love for animals, which developed and deepened during his studies, was the key reason for choosing this career, and it is this passion that drives him every day. As a long-standing member of the BUBA team, Dr. Dujanovi\u0107 values the clinic&#8217;s close and trusting relationships with clients and their pets. &#8220;The warm, family-like atmosphere of BUBA Clinic has been its hallmark since my early days at the clinic. Combined with our expertise and 24\/7 availability, we ensure our patients receive immediate care and support when they need it most,&#8221; says Dr. Dujanovi\u0107.<\/p>\n<p>With his warm demeanor and genuine concern for every patient, Dr. Dujanovi\u0107 has become a reliable pillar for pet owners seeking professional and compassionate care. His expertise, dedication, and the connection he builds with clients make him not only an exceptional veterinarian but also someone who genuinely understands and supports owners in caring for their beloved four-legged friends.<\/p>\n<p><strong>Education:<\/strong><\/p>\n<ul>\n<li>Faculty of Veterinary Medicine in Zagreb, graduated in 2002<\/li>\n<\/ul>\n<p><strong>Professional development and awards:<\/strong><\/p>\n<ul>\n<li>ESAVS Internal Medicine Training in Utrecht<\/li>\n<li>ESVE International Endocrinological School in Bologna<\/li>\n<li>OKEAN Ultrasound 2, Pan\u010devo, 2024<\/li>\n<li>EuroGut Congress, 2024<\/li>\n<li>numerous seminars, schools and conferences in Croatia and abroad that he visits every year<\/li>\n<\/ul>\n<p>[\/vc_column_text][\/vc_column][\/vc_row]<\/p>\n","protected":false},"excerpt":{"rendered":"<p>[vc_row gap=&#8221;35&#8243;][vc_column width=&#8221;1\/4&#8243;][vc_single_image image=&#8221;5726&#8243;][\/vc_column][vc_column width=&#8221;3\/4&#8243;][vc_column_text]Dr. Dujanovi\u0107 specializes in internal medicine, with a particular focus on endocrinology and cytology, where he demonstrates his passion for tackling diverse and complex cases. With over 20 years of experience, his career is marked by meticulous attention to detail, dedication to each patient, and ongoing professional development through education and [&hellip;]<\/p>\n","protected":false},"author":1,"featured_media":0,"parent":4871,"menu_order":0,"comment_status":"closed","ping_status":"closed","template":"","meta":{"footnotes":""},"class_list":["post-5392","page","type-page","status-publish","hentry"],"yoast_head":"<!-- This site is optimized with the Yoast SEO plugin v27.3 - https:\/\/yoast.com\/product\/yoast-seo-wordpress\/ -->\n<title>Sa\u0161a Dujanovi\u0107, DVM - Buba klinika<\/title>\n<meta name=\"description\" content=\"Dr. Sa\u0161a Dujanovi\u0107 specializes in internal medicine, focusing on endocrinology and cytology, bringing over twenty years of dedicated experience to our team.\" \/>\n<meta name=\"robots\" content=\"index, follow, max-snippet:-1, max-image-preview:large, max-video-preview:-1\" \/>\n<link rel=\"canonical\" href=\"https:\/\/vetti-buba.hr\/en\/our-team\/sasa-dujanovic\/\" \/>\n<meta property=\"og:locale\" content=\"en_US\" \/>\n<meta property=\"og:type\" content=\"article\" \/>\n<meta property=\"og:title\" content=\"Sa\u0161a Dujanovi\u0107, DVM - Buba klinika\" \/>\n<meta property=\"og:description\" content=\"Dr. Sa\u0161a Dujanovi\u0107 specializes in internal medicine, focusing on endocrinology and cytology, bringing over twenty years of dedicated experience to our team.\" \/>\n<meta property=\"og:url\" content=\"https:\/\/vetti-buba.hr\/en\/our-team\/sasa-dujanovic\/\" \/>\n<meta property=\"og:site_name\" content=\"Buba klinika\" \/>\n<meta property=\"article:modified_time\" content=\"2025-03-28T08:46:03+00:00\" \/>\n<meta name=\"twitter:card\" content=\"summary_large_image\" \/>\n<meta name=\"twitter:label1\" content=\"Est. reading time\" \/>\n\t<meta name=\"twitter:data1\" content=\"2 minutes\" \/>\n<script type=\"application\/ld+json\" class=\"yoast-schema-graph\">{\"@context\":\"https:\\\/\\\/schema.org\",\"@graph\":[{\"@type\":\"WebPage\",\"@id\":\"https:\\\/\\\/vetti-buba.hr\\\/en\\\/our-team\\\/sasa-dujanovic\\\/\",\"url\":\"https:\\\/\\\/vetti-buba.hr\\\/en\\\/our-team\\\/sasa-dujanovic\\\/\",\"name\":\"Sa\u0161a Dujanovi\u0107, DVM - Buba klinika\",\"isPartOf\":{\"@id\":\"https:\\\/\\\/vetti-buba.hr\\\/#website\"},\"datePublished\":\"2024-08-21T06:54:13+00:00\",\"dateModified\":\"2025-03-28T08:46:03+00:00\",\"description\":\"Dr. Sa\u0161a Dujanovi\u0107 specializes in internal medicine, focusing on endocrinology and cytology, bringing over twenty years of dedicated experience to our team.\",\"breadcrumb\":{\"@id\":\"https:\\\/\\\/vetti-buba.hr\\\/en\\\/our-team\\\/sasa-dujanovic\\\/#breadcrumb\"},\"inLanguage\":\"en-US\",\"potentialAction\":[{\"@type\":\"ReadAction\",\"target\":[\"https:\\\/\\\/vetti-buba.hr\\\/en\\\/our-team\\\/sasa-dujanovic\\\/\"]}]},{\"@type\":\"BreadcrumbList\",\"@id\":\"https:\\\/\\\/vetti-buba.hr\\\/en\\\/our-team\\\/sasa-dujanovic\\\/#breadcrumb\",\"itemListElement\":[{\"@type\":\"ListItem\",\"position\":1,\"name\":\"Po\u010detna stranica\",\"item\":\"https:\\\/\\\/vetti-buba.hr\\\/en\\\/\"},{\"@type\":\"ListItem\",\"position\":2,\"name\":\"Our veterinarian team\",\"item\":\"https:\\\/\\\/vetti-buba.hr\\\/en\\\/our-team\\\/\"},{\"@type\":\"ListItem\",\"position\":3,\"name\":\"Sa\u0161a Dujanovi\u0107, DVM\"}]},{\"@type\":\"WebSite\",\"@id\":\"https:\\\/\\\/vetti-buba.hr\\\/#website\",\"url\":\"https:\\\/\\\/vetti-buba.hr\\\/\",\"name\":\"Buba klinika\",\"description\":\"\",\"publisher\":{\"@id\":\"https:\\\/\\\/vetti-buba.hr\\\/#organization\"},\"potentialAction\":[{\"@type\":\"SearchAction\",\"target\":{\"@type\":\"EntryPoint\",\"urlTemplate\":\"https:\\\/\\\/vetti-buba.hr\\\/?s={search_term_string}\"},\"query-input\":{\"@type\":\"PropertyValueSpecification\",\"valueRequired\":true,\"valueName\":\"search_term_string\"}}],\"inLanguage\":\"en-US\"},{\"@type\":\"Organization\",\"@id\":\"https:\\\/\\\/vetti-buba.hr\\\/#organization\",\"name\":\"Buba - Veterinarska Klinika\",\"url\":\"https:\\\/\\\/vetti-buba.hr\\\/\",\"logo\":{\"@type\":\"ImageObject\",\"inLanguage\":\"en-US\",\"@id\":\"https:\\\/\\\/vetti-buba.hr\\\/#\\\/schema\\\/logo\\\/image\\\/\",\"url\":\"https:\\\/\\\/vetti-buba.hr\\\/wp-content\\\/uploads\\\/2024\\\/09\\\/buba-logo-square.jpg\",\"contentUrl\":\"https:\\\/\\\/vetti-buba.hr\\\/wp-content\\\/uploads\\\/2024\\\/09\\\/buba-logo-square.jpg\",\"width\":500,\"height\":500,\"caption\":\"Buba - Veterinarska Klinika\"},\"image\":{\"@id\":\"https:\\\/\\\/vetti-buba.hr\\\/#\\\/schema\\\/logo\\\/image\\\/\"}}]}<\/script>\n<!-- \/ Yoast SEO plugin. -->","yoast_head_json":{"title":"Sa\u0161a Dujanovi\u0107, DVM - Buba klinika","description":"Dr. Sa\u0161a Dujanovi\u0107 specializes in internal medicine, focusing on endocrinology and cytology, bringing over twenty years of dedicated experience to our team.","robots":{"index":"index","follow":"follow","max-snippet":"max-snippet:-1","max-image-preview":"max-image-preview:large","max-video-preview":"max-video-preview:-1"},"canonical":"https:\/\/vetti-buba.hr\/en\/our-team\/sasa-dujanovic\/","og_locale":"en_US","og_type":"article","og_title":"Sa\u0161a Dujanovi\u0107, DVM - Buba klinika","og_description":"Dr. Sa\u0161a Dujanovi\u0107 specializes in internal medicine, focusing on endocrinology and cytology, bringing over twenty years of dedicated experience to our team.","og_url":"https:\/\/vetti-buba.hr\/en\/our-team\/sasa-dujanovic\/","og_site_name":"Buba klinika","article_modified_time":"2025-03-28T08:46:03+00:00","twitter_card":"summary_large_image","twitter_misc":{"Est. reading time":"2 minutes"},"schema":{"@context":"https:\/\/schema.org","@graph":[{"@type":"WebPage","@id":"https:\/\/vetti-buba.hr\/en\/our-team\/sasa-dujanovic\/","url":"https:\/\/vetti-buba.hr\/en\/our-team\/sasa-dujanovic\/","name":"Sa\u0161a Dujanovi\u0107, DVM - Buba klinika","isPartOf":{"@id":"https:\/\/vetti-buba.hr\/#website"},"datePublished":"2024-08-21T06:54:13+00:00","dateModified":"2025-03-28T08:46:03+00:00","description":"Dr. Sa\u0161a Dujanovi\u0107 specializes in internal medicine, focusing on endocrinology and cytology, bringing over twenty years of dedicated experience to our team.","breadcrumb":{"@id":"https:\/\/vetti-buba.hr\/en\/our-team\/sasa-dujanovic\/#breadcrumb"},"inLanguage":"en-US","potentialAction":[{"@type":"ReadAction","target":["https:\/\/vetti-buba.hr\/en\/our-team\/sasa-dujanovic\/"]}]},{"@type":"BreadcrumbList","@id":"https:\/\/vetti-buba.hr\/en\/our-team\/sasa-dujanovic\/#breadcrumb","itemListElement":[{"@type":"ListItem","position":1,"name":"Po\u010detna stranica","item":"https:\/\/vetti-buba.hr\/en\/"},{"@type":"ListItem","position":2,"name":"Our veterinarian team","item":"https:\/\/vetti-buba.hr\/en\/our-team\/"},{"@type":"ListItem","position":3,"name":"Sa\u0161a Dujanovi\u0107, DVM"}]},{"@type":"WebSite","@id":"https:\/\/vetti-buba.hr\/#website","url":"https:\/\/vetti-buba.hr\/","name":"Buba klinika","description":"","publisher":{"@id":"https:\/\/vetti-buba.hr\/#organization"},"potentialAction":[{"@type":"SearchAction","target":{"@type":"EntryPoint","urlTemplate":"https:\/\/vetti-buba.hr\/?s={search_term_string}"},"query-input":{"@type":"PropertyValueSpecification","valueRequired":true,"valueName":"search_term_string"}}],"inLanguage":"en-US"},{"@type":"Organization","@id":"https:\/\/vetti-buba.hr\/#organization","name":"Buba - Veterinarska Klinika","url":"https:\/\/vetti-buba.hr\/","logo":{"@type":"ImageObject","inLanguage":"en-US","@id":"https:\/\/vetti-buba.hr\/#\/schema\/logo\/image\/","url":"https:\/\/vetti-buba.hr\/wp-content\/uploads\/2024\/09\/buba-logo-square.jpg","contentUrl":"https:\/\/vetti-buba.hr\/wp-content\/uploads\/2024\/09\/buba-logo-square.jpg","width":500,"height":500,"caption":"Buba - Veterinarska Klinika"},"image":{"@id":"https:\/\/vetti-buba.hr\/#\/schema\/logo\/image\/"}}]}},"_links":{"self":[{"href":"https:\/\/vetti-buba.hr\/en\/wp-json\/wp\/v2\/pages\/5392","targetHints":{"allow":["GET"]}}],"collection":[{"href":"https:\/\/vetti-buba.hr\/en\/wp-json\/wp\/v2\/pages"}],"about":[{"href":"https:\/\/vetti-buba.hr\/en\/wp-json\/wp\/v2\/types\/page"}],"author":[{"embeddable":true,"href":"https:\/\/vetti-buba.hr\/en\/wp-json\/wp\/v2\/users\/1"}],"replies":[{"embeddable":true,"href":"https:\/\/vetti-buba.hr\/en\/wp-json\/wp\/v2\/comments?post=5392"}],"version-history":[{"count":4,"href":"https:\/\/vetti-buba.hr\/en\/wp-json\/wp\/v2\/pages\/5392\/revisions"}],"predecessor-version":[{"id":5904,"href":"https:\/\/vetti-buba.hr\/en\/wp-json\/wp\/v2\/pages\/5392\/revisions\/5904"}],"up":[{"embeddable":true,"href":"https:\/\/vetti-buba.hr\/en\/wp-json\/wp\/v2\/pages\/4871"}],"wp:attachment":[{"href":"https:\/\/vetti-buba.hr\/en\/wp-json\/wp\/v2\/media?parent=5392"}],"curies":[{"name":"wp","href":"https:\/\/api.w.org\/{rel}","templated":true}]}}