{"id":5386,"date":"2024-11-27T08:57:48","date_gmt":"2024-11-27T08:57:48","guid":{"rendered":"https:\/\/vetti-buba.hr\/our-team\/dr-med-vet-petra-pirsic\/"},"modified":"2026-04-29T09:21:09","modified_gmt":"2026-04-29T09:21:09","slug":"dr-med-vet-petra-kovacic","status":"publish","type":"page","link":"https:\/\/vetti-buba.hr\/en\/our-team\/dr-med-vet-petra-kovacic\/","title":{"rendered":"Petra Kova\u010di\u0107, DVM"},"content":{"rendered":"<p>[vc_row gap=&#8221;35&#8243;][vc_column width=&#8221;1\/4&#8243;][vc_single_image image=&#8221;5742&#8243;][\/vc_column][vc_column width=&#8221;3\/4&#8243;][vc_column_text]Dr. Kova\u010di\u0107 is a dedicated veterinarian specializing in internal medicine, intensive care, and emergency interventions. Her interests also extend to neurology, where she demonstrates a strong willingness to learn and grow professionally. Her love for animals began in childhood, inspired further by her first dog during high school, who became a long-time companion and motivation for her veterinary career.<\/p>\n<p>At BUBA Clinic, Dr. Kova\u010di\u0107 finds fulfillment in providing 24-hour care, ensuring patients receive help whenever needed. She takes pride in being part of a team that fosters trust and positivity, which enhances the quality of care delivered.<\/p>\n<p>As a member of the BUBA Clinic team, Dr. Kova\u010di\u0107 approaches every patient with equal enthusiasm and maintains open and compassionate communication with owners. Dr. Kova\u010di\u0107 believes this foundation is vital for the successful care of every patient.<\/p>\n<p><strong>Education:<\/strong><\/p>\n<ul>\n<li>Faculty of Veterinary Medicine in Zagreb<\/li>\n<\/ul>\n<p>[\/vc_column_text][\/vc_column][\/vc_row]<\/p>\n","protected":false},"excerpt":{"rendered":"<p>[vc_row gap=&#8221;35&#8243;][vc_column width=&#8221;1\/4&#8243;][vc_single_image image=&#8221;5742&#8243;][\/vc_column][vc_column width=&#8221;3\/4&#8243;][vc_column_text]Dr. Kova\u010di\u0107 is a dedicated veterinarian specializing in internal medicine, intensive care, and emergency interventions. Her interests also extend to neurology, where she demonstrates a strong willingness to learn and grow professionally. Her love for animals began in childhood, inspired further by her first dog during high school, who became a [&hellip;]<\/p>\n","protected":false},"author":1,"featured_media":0,"parent":4871,"menu_order":0,"comment_status":"closed","ping_status":"closed","template":"","meta":{"footnotes":""},"class_list":["post-5386","page","type-page","status-publish","hentry"],"yoast_head":"<!-- This site is optimized with the Yoast SEO plugin v27.3 - https:\/\/yoast.com\/product\/yoast-seo-wordpress\/ -->\n<title>Petra Kova\u010di\u0107, DVM - Buba klinika<\/title>\n<meta name=\"description\" content=\"Dr. Petra Kova\u010di\u0107 is a dedicated veterinarian at Buba Veterinary Clinic, offering exceptional care for your pets.\" \/>\n<meta name=\"robots\" content=\"index, follow, max-snippet:-1, max-image-preview:large, max-video-preview:-1\" \/>\n<link rel=\"canonical\" href=\"https:\/\/vetti-buba.hr\/en\/our-team\/dr-med-vet-petra-kovacic\/\" \/>\n<meta property=\"og:locale\" content=\"en_US\" \/>\n<meta property=\"og:type\" content=\"article\" \/>\n<meta property=\"og:title\" content=\"Petra Kova\u010di\u0107, DVM - Buba klinika\" \/>\n<meta property=\"og:description\" content=\"Dr. Petra Kova\u010di\u0107 is a dedicated veterinarian at Buba Veterinary Clinic, offering exceptional care for your pets.\" \/>\n<meta property=\"og:url\" content=\"https:\/\/vetti-buba.hr\/en\/our-team\/dr-med-vet-petra-kovacic\/\" \/>\n<meta property=\"og:site_name\" content=\"Buba klinika\" \/>\n<meta property=\"article:modified_time\" content=\"2026-04-29T09:21:09+00:00\" \/>\n<meta name=\"twitter:card\" content=\"summary_large_image\" \/>\n<meta name=\"twitter:label1\" content=\"Est. reading time\" \/>\n\t<meta name=\"twitter:data1\" content=\"2 minutes\" \/>\n<script type=\"application\/ld+json\" class=\"yoast-schema-graph\">{\"@context\":\"https:\\\/\\\/schema.org\",\"@graph\":[{\"@type\":\"WebPage\",\"@id\":\"https:\\\/\\\/vetti-buba.hr\\\/en\\\/our-team\\\/dr-med-vet-petra-kovacic\\\/\",\"url\":\"https:\\\/\\\/vetti-buba.hr\\\/en\\\/our-team\\\/dr-med-vet-petra-kovacic\\\/\",\"name\":\"Petra Kova\u010di\u0107, DVM - Buba klinika\",\"isPartOf\":{\"@id\":\"https:\\\/\\\/vetti-buba.hr\\\/#website\"},\"datePublished\":\"2024-11-27T08:57:48+00:00\",\"dateModified\":\"2026-04-29T09:21:09+00:00\",\"description\":\"Dr. Petra Kova\u010di\u0107 is a dedicated veterinarian at Buba Veterinary Clinic, offering exceptional care for your pets.\",\"breadcrumb\":{\"@id\":\"https:\\\/\\\/vetti-buba.hr\\\/en\\\/our-team\\\/dr-med-vet-petra-kovacic\\\/#breadcrumb\"},\"inLanguage\":\"en-US\",\"potentialAction\":[{\"@type\":\"ReadAction\",\"target\":[\"https:\\\/\\\/vetti-buba.hr\\\/en\\\/our-team\\\/dr-med-vet-petra-kovacic\\\/\"]}]},{\"@type\":\"BreadcrumbList\",\"@id\":\"https:\\\/\\\/vetti-buba.hr\\\/en\\\/our-team\\\/dr-med-vet-petra-kovacic\\\/#breadcrumb\",\"itemListElement\":[{\"@type\":\"ListItem\",\"position\":1,\"name\":\"Po\u010detna stranica\",\"item\":\"https:\\\/\\\/vetti-buba.hr\\\/en\\\/\"},{\"@type\":\"ListItem\",\"position\":2,\"name\":\"Our veterinarian team\",\"item\":\"https:\\\/\\\/vetti-buba.hr\\\/en\\\/our-team\\\/\"},{\"@type\":\"ListItem\",\"position\":3,\"name\":\"Petra Kova\u010di\u0107, DVM\"}]},{\"@type\":\"WebSite\",\"@id\":\"https:\\\/\\\/vetti-buba.hr\\\/#website\",\"url\":\"https:\\\/\\\/vetti-buba.hr\\\/\",\"name\":\"Buba klinika\",\"description\":\"\",\"publisher\":{\"@id\":\"https:\\\/\\\/vetti-buba.hr\\\/#organization\"},\"potentialAction\":[{\"@type\":\"SearchAction\",\"target\":{\"@type\":\"EntryPoint\",\"urlTemplate\":\"https:\\\/\\\/vetti-buba.hr\\\/?s={search_term_string}\"},\"query-input\":{\"@type\":\"PropertyValueSpecification\",\"valueRequired\":true,\"valueName\":\"search_term_string\"}}],\"inLanguage\":\"en-US\"},{\"@type\":\"Organization\",\"@id\":\"https:\\\/\\\/vetti-buba.hr\\\/#organization\",\"name\":\"Buba - Veterinarska Klinika\",\"url\":\"https:\\\/\\\/vetti-buba.hr\\\/\",\"logo\":{\"@type\":\"ImageObject\",\"inLanguage\":\"en-US\",\"@id\":\"https:\\\/\\\/vetti-buba.hr\\\/#\\\/schema\\\/logo\\\/image\\\/\",\"url\":\"https:\\\/\\\/vetti-buba.hr\\\/wp-content\\\/uploads\\\/2024\\\/09\\\/buba-logo-square.jpg\",\"contentUrl\":\"https:\\\/\\\/vetti-buba.hr\\\/wp-content\\\/uploads\\\/2024\\\/09\\\/buba-logo-square.jpg\",\"width\":500,\"height\":500,\"caption\":\"Buba - Veterinarska Klinika\"},\"image\":{\"@id\":\"https:\\\/\\\/vetti-buba.hr\\\/#\\\/schema\\\/logo\\\/image\\\/\"}}]}<\/script>\n<!-- \/ Yoast SEO plugin. -->","yoast_head_json":{"title":"Petra Kova\u010di\u0107, DVM - Buba klinika","description":"Dr. Petra Kova\u010di\u0107 is a dedicated veterinarian at Buba Veterinary Clinic, offering exceptional care for your pets.","robots":{"index":"index","follow":"follow","max-snippet":"max-snippet:-1","max-image-preview":"max-image-preview:large","max-video-preview":"max-video-preview:-1"},"canonical":"https:\/\/vetti-buba.hr\/en\/our-team\/dr-med-vet-petra-kovacic\/","og_locale":"en_US","og_type":"article","og_title":"Petra Kova\u010di\u0107, DVM - Buba klinika","og_description":"Dr. Petra Kova\u010di\u0107 is a dedicated veterinarian at Buba Veterinary Clinic, offering exceptional care for your pets.","og_url":"https:\/\/vetti-buba.hr\/en\/our-team\/dr-med-vet-petra-kovacic\/","og_site_name":"Buba klinika","article_modified_time":"2026-04-29T09:21:09+00:00","twitter_card":"summary_large_image","twitter_misc":{"Est. reading time":"2 minutes"},"schema":{"@context":"https:\/\/schema.org","@graph":[{"@type":"WebPage","@id":"https:\/\/vetti-buba.hr\/en\/our-team\/dr-med-vet-petra-kovacic\/","url":"https:\/\/vetti-buba.hr\/en\/our-team\/dr-med-vet-petra-kovacic\/","name":"Petra Kova\u010di\u0107, DVM - Buba klinika","isPartOf":{"@id":"https:\/\/vetti-buba.hr\/#website"},"datePublished":"2024-11-27T08:57:48+00:00","dateModified":"2026-04-29T09:21:09+00:00","description":"Dr. Petra Kova\u010di\u0107 is a dedicated veterinarian at Buba Veterinary Clinic, offering exceptional care for your pets.","breadcrumb":{"@id":"https:\/\/vetti-buba.hr\/en\/our-team\/dr-med-vet-petra-kovacic\/#breadcrumb"},"inLanguage":"en-US","potentialAction":[{"@type":"ReadAction","target":["https:\/\/vetti-buba.hr\/en\/our-team\/dr-med-vet-petra-kovacic\/"]}]},{"@type":"BreadcrumbList","@id":"https:\/\/vetti-buba.hr\/en\/our-team\/dr-med-vet-petra-kovacic\/#breadcrumb","itemListElement":[{"@type":"ListItem","position":1,"name":"Po\u010detna stranica","item":"https:\/\/vetti-buba.hr\/en\/"},{"@type":"ListItem","position":2,"name":"Our veterinarian team","item":"https:\/\/vetti-buba.hr\/en\/our-team\/"},{"@type":"ListItem","position":3,"name":"Petra Kova\u010di\u0107, DVM"}]},{"@type":"WebSite","@id":"https:\/\/vetti-buba.hr\/#website","url":"https:\/\/vetti-buba.hr\/","name":"Buba klinika","description":"","publisher":{"@id":"https:\/\/vetti-buba.hr\/#organization"},"potentialAction":[{"@type":"SearchAction","target":{"@type":"EntryPoint","urlTemplate":"https:\/\/vetti-buba.hr\/?s={search_term_string}"},"query-input":{"@type":"PropertyValueSpecification","valueRequired":true,"valueName":"search_term_string"}}],"inLanguage":"en-US"},{"@type":"Organization","@id":"https:\/\/vetti-buba.hr\/#organization","name":"Buba - Veterinarska Klinika","url":"https:\/\/vetti-buba.hr\/","logo":{"@type":"ImageObject","inLanguage":"en-US","@id":"https:\/\/vetti-buba.hr\/#\/schema\/logo\/image\/","url":"https:\/\/vetti-buba.hr\/wp-content\/uploads\/2024\/09\/buba-logo-square.jpg","contentUrl":"https:\/\/vetti-buba.hr\/wp-content\/uploads\/2024\/09\/buba-logo-square.jpg","width":500,"height":500,"caption":"Buba - Veterinarska Klinika"},"image":{"@id":"https:\/\/vetti-buba.hr\/#\/schema\/logo\/image\/"}}]}},"_links":{"self":[{"href":"https:\/\/vetti-buba.hr\/en\/wp-json\/wp\/v2\/pages\/5386","targetHints":{"allow":["GET"]}}],"collection":[{"href":"https:\/\/vetti-buba.hr\/en\/wp-json\/wp\/v2\/pages"}],"about":[{"href":"https:\/\/vetti-buba.hr\/en\/wp-json\/wp\/v2\/types\/page"}],"author":[{"embeddable":true,"href":"https:\/\/vetti-buba.hr\/en\/wp-json\/wp\/v2\/users\/1"}],"replies":[{"embeddable":true,"href":"https:\/\/vetti-buba.hr\/en\/wp-json\/wp\/v2\/comments?post=5386"}],"version-history":[{"count":4,"href":"https:\/\/vetti-buba.hr\/en\/wp-json\/wp\/v2\/pages\/5386\/revisions"}],"predecessor-version":[{"id":6888,"href":"https:\/\/vetti-buba.hr\/en\/wp-json\/wp\/v2\/pages\/5386\/revisions\/6888"}],"up":[{"embeddable":true,"href":"https:\/\/vetti-buba.hr\/en\/wp-json\/wp\/v2\/pages\/4871"}],"wp:attachment":[{"href":"https:\/\/vetti-buba.hr\/en\/wp-json\/wp\/v2\/media?parent=5386"}],"curies":[{"name":"wp","href":"https:\/\/api.w.org\/{rel}","templated":true}]}}