{"id":4990,"date":"2024-08-13T09:39:24","date_gmt":"2024-08-13T09:39:24","guid":{"rendered":"https:\/\/vetti-buba.hr\/novosti\/"},"modified":"2025-03-27T09:45:44","modified_gmt":"2025-03-27T09:45:44","slug":"news","status":"publish","type":"page","link":"https:\/\/vetti-buba.hr\/en\/news\/","title":{"rendered":"News"},"content":{"rendered":"<p>[vc_row el_class=&#8221;blog_holder&#8221;][vc_column width=&#8221;3\/4&#8243;]<style>.ld_blog_69dfc5ea36834 .lqd-lp-row{margin-inline-start:-15px;margin-inline-end:-15px;}.ld_blog_69dfc5ea36834 .lqd-lp-column{padding-inline-start:15px;padding-inline-end:15px;margin-bottom:30px;}.ld_blog_69dfc5ea36834 .lqd-lp .lqd-lp-title{margin-top:px !important;margin-bottom:px !important;}<\/style><div class=\"lqd-lp-grid ld_blog_69dfc5ea36834 lqd-1724228616838-28d50045-6472 \"><div class=\"lqd-lp-row row d-flex flex-wrap\"><div class=\"lqd-lp-column col-md-4 col-sm-6 novosti-en lqd-f-33\"><article id=\"post-6829\" class=\"lqd-lp lqd-lp-style-10 lqd-lp-content-overlay lqd-lp-img-cover pos-rel d-flex flex-wrap round overflow-hidden h-pt-80 lqd-lp-hover-img-zoom post-6829 post type-post status-publish format-standard has-post-thumbnail hentry category-novosti-en\">\n<div class=\"lqd-lp-img lqd-overlay\"><figure class=\"pos-rel bg-cover bg-center w-100\"><img decoding=\"async\" width=\"1250\" height=\"700\" src=\"https:\/\/vetti-buba.hr\/wp-content\/uploads\/2026\/04\/Blog-1920-x-1358-piks.-4-1250x700.png\" class=\"w-100 wp-post-image\" alt=\"scholaraship veterinary\" itemprop=\"image\" \/><\/figure><\/div>\n<header class=\"lqd-lp-header lqd-overlay d-flex flex-column justify-content-between p-4\">\n\n\t<div class=\"lqd-lp-content-bg lqd-overlay\"><\/div>\n\t<div class=\"lqd-lp-header-top\">\n\t\t<div class=\"lqd-lp-meta text-uppercase ltr-sp-1 font-weight-bold pos-rel z-index-3\">\n\t\t\t\t\t<\/div>\n\t<\/div>\n\n\t<div class=\"lqd-lp-header-bottom pos-rel\">\n\n\t\t<time class=\"lqd-lp-date text-uppercase ltr-sp-1 font-weight-bold\" datetime=\"2026-04-07T12:20:15+00:00\">07\/04\/2026<\/time>\n\t\t\n\t\t\n\t\t<h2 class=\"entry-title lqd-lp-title mt-2 mb-0 h5\"><a  href=\"https:\/\/vetti-buba.hr\/en\/vetti-group-veterinary-scholarship-program\/\" rel=\"bookmark\">Vetti Group Veterinary Scholarship Program \u2013 Apply Now<\/a><\/h2>\t\t\n\t<\/div>\n\n<\/header>\n\n<a  href=\"https:\/\/vetti-buba.hr\/en\/vetti-group-veterinary-scholarship-program\/\" class=\"lqd-lp-overlay-link lqd-overlay z-index-2\" tab-index=\"-1\"><\/a><\/article><\/div><div class=\"lqd-lp-column col-md-4 col-sm-6 novosti-en lqd-f-33\"><article id=\"post-4954\" class=\"lqd-lp lqd-lp-style-10 lqd-lp-content-overlay lqd-lp-img-cover pos-rel d-flex flex-wrap round overflow-hidden h-pt-80 lqd-lp-hover-img-zoom post-4954 post type-post status-publish format-standard has-post-thumbnail hentry category-novosti-en tag-novosti\">\n<div class=\"lqd-lp-img lqd-overlay\"><figure class=\"pos-rel bg-cover bg-center w-100\"><img decoding=\"async\" width=\"1250\" height=\"700\" src=\"data:image\/svg+xml;charset=utf-8,%3Csvg xmlns%3D&#039;http%3A%2F%2Fwww.w3.org%2F2000%2Fsvg&#039; viewBox%3D&#039;0 0 1250 700&#039;%2F%3E\" class=\"w-100 ld-lazyload wp-post-image\" alt=\"Otvorena najveca 24 7 veterinarska klinika u Zagrebu\" itemprop=\"image\" data-src=\"https:\/\/vetti-buba.hr\/wp-content\/uploads\/2024\/09\/Otvorena-najveca-24-7-veterinarska-klinika-u-Zagrebu-1250x700.webp\" data-aspect=\"1.7857142857143\" \/><\/figure><\/div>\n<header class=\"lqd-lp-header lqd-overlay d-flex flex-column justify-content-between p-4\">\n\n\t<div class=\"lqd-lp-content-bg lqd-overlay\"><\/div>\n\t<div class=\"lqd-lp-header-top\">\n\t\t<div class=\"lqd-lp-meta text-uppercase ltr-sp-1 font-weight-bold pos-rel z-index-3\">\n\t\t\t\t\t<\/div>\n\t<\/div>\n\n\t<div class=\"lqd-lp-header-bottom pos-rel\">\n\n\t\t<time class=\"lqd-lp-date text-uppercase ltr-sp-1 font-weight-bold\" datetime=\"2023-12-12T09:17:53+00:00\">12\/12\/2023<\/time>\n\t\t\n\t\t\n\t\t<h2 class=\"entry-title lqd-lp-title mt-2 mb-0 h5\"><a  href=\"https:\/\/vetti-buba.hr\/en\/the-largest-24-7-private-veterinary-clinic-in-zagreb-buba-has-been-opened-as-part-of-the-vetti-group\/\" rel=\"bookmark\">The largest 24\/7 private veterinary clinic in Zagreb, Buba, has been opened as part of the Vetti Group<\/a><\/h2>\t\t\n\t<\/div>\n\n<\/header>\n\n<a  href=\"https:\/\/vetti-buba.hr\/en\/the-largest-24-7-private-veterinary-clinic-in-zagreb-buba-has-been-opened-as-part-of-the-vetti-group\/\" class=\"lqd-lp-overlay-link lqd-overlay z-index-2\" tab-index=\"-1\"><\/a><\/article><\/div><\/div><!--\/ .row --><\/div><!--\/ .lqd-lp-grid -->[\/vc_column][vc_column width=&#8221;1\/4&#8243;]<div  class=\"lqd-simple-heading-wrap ld_simple_heading_69dfc5ea454a8\">\n<h2 class=\"lqd-simple-heading\">\n\tFrom the media<\/h2>\n<\/div><style>.ld_spacer_69dfc5ea45645{height:8px;}<\/style>\n<div class=\"ld-empty-space ld_spacer_69dfc5ea45645\"><\/div><div\n\tclass=\"lqd-fancy-menu lqd-custom-menu lqd-menu-td-none iz-medija ld_custom_menu_69dfc5ea45749\"\n\t>\n\n\t<ul class=\"reset-ul\" id=\"ld_custom_menu_69dfc5ea45749\" >\n\t<li><a href=\"https:\/\/grazia.hr\/kako-zastititi-ljubimce-od-blagdanskog-stresa\/?fbclid=IwZXh0bgNhZW0CMTEAAR2Er4XHCdy6JuZeeMZSBMyDTCBSrqTZXnEyUrdn7nfH2UGIL9etMN6C9tw_aem_d3nVcX2OwTdRphk-U_X6Vg\" target=\"_blank\"><span class=\"link-icon left-icon icon-next-to-label\"><i class=\"fa fa-external-link-alt\"><\/i><\/span> Kako za\u0161tititi ljubimce od blagdanskog stresa? Imamo savjete veterinara<\/a><\/li><li><a href=\"https:\/\/www.24sata.hr\/promo-sadrzaj\/vetti-group-pokrece-program-stipendija-za-studente-veterine-prijavi-se-1003760\" target=\"_blank\"><span class=\"link-icon left-icon icon-next-to-label\"><i class=\"fa fa-external-link-alt\"><\/i><\/span> Vetti Group pokre\u0107e program stipendija za studente veterine \u2013 Prijavi se!<\/a><\/li><li><a href=\"https:\/\/story.hr\/life-and-style\/food-and-travel\/a300727\/Zdravstvena-skrb-kucnih-ljubimaca.html?fbclid=IwY2xjawFebWZleHRuA2FlbQIxMQABHchSYvptimVxOzn9H5s9dtvGU0aC-A4y7cloJM0wvFYrtL-6cVft6UI7NQ_aem_6EUiG6q2hMrkA56YgF296A\" target=\"_blank\"><span class=\"link-icon left-icon icon-next-to-label\"><i class=\"fa fa-external-link-alt\"><\/i><\/span> Veterinari koji paze na svaki detalj<\/a><\/li><li><a href=\"https:\/\/www.jutarnji.hr\/promo\/vetti-group-pokrece-transformaciju-trzista-veterinarskih-usluga-u-hrvatskoj-otvorena-najveca-24-7-privatna-veterinarska-klinika-u-zagrebu-buba-u-sklopu-vetti-group-15404501\" target=\"_blank\"><span class=\"link-icon left-icon icon-next-to-label\"><i class=\"fa fa-external-link-alt\"><\/i><\/span> Vetti Group pokre\u0107e transformaciju tr\u017ei\u0161ta veterinarskih usluga u Hrvatskoj: Otvorena najve\u0107a 24\/7 privatna veterinarska klinika u Zagrebu Buba u sklopu Vetti Group<\/a><\/li>\t<\/ul>\n<\/div>[\/vc_column][\/vc_row]<\/p>\n","protected":false},"excerpt":{"rendered":"<p>[vc_row el_class=&#8221;blog_holder&#8221;][vc_column width=&#8221;3\/4&#8243;][\/vc_column][vc_column width=&#8221;1\/4&#8243;][\/vc_column][\/vc_row]<\/p>\n","protected":false},"author":1,"featured_media":0,"parent":0,"menu_order":0,"comment_status":"closed","ping_status":"closed","template":"","meta":{"footnotes":""},"class_list":["post-4990","page","type-page","status-publish","hentry"],"yoast_head":"<!-- This site is optimized with the Yoast SEO plugin v27.3 - https:\/\/yoast.com\/product\/yoast-seo-wordpress\/ -->\n<title>News - Buba klinika<\/title>\n<meta name=\"description\" content=\"Stay updated with the latest Buba Veterinary Clinic News, events, and informative articles from Buba Veterinary Clinic.\" \/>\n<meta name=\"robots\" content=\"index, follow, max-snippet:-1, max-image-preview:large, max-video-preview:-1\" \/>\n<link rel=\"canonical\" href=\"https:\/\/vetti-buba.hr\/en\/news\/\" \/>\n<meta property=\"og:locale\" content=\"en_US\" \/>\n<meta property=\"og:type\" content=\"article\" \/>\n<meta property=\"og:title\" content=\"News - Buba klinika\" \/>\n<meta property=\"og:description\" content=\"Stay updated with the latest Buba Veterinary Clinic News, events, and informative articles from Buba Veterinary Clinic.\" \/>\n<meta property=\"og:url\" content=\"https:\/\/vetti-buba.hr\/en\/news\/\" \/>\n<meta property=\"og:site_name\" content=\"Buba klinika\" \/>\n<meta property=\"article:modified_time\" content=\"2025-03-27T09:45:44+00:00\" \/>\n<meta name=\"twitter:card\" content=\"summary_large_image\" \/>\n<meta name=\"twitter:label1\" content=\"Est. reading time\" \/>\n\t<meta name=\"twitter:data1\" content=\"1 minute\" \/>\n<script type=\"application\/ld+json\" class=\"yoast-schema-graph\">{\"@context\":\"https:\\\/\\\/schema.org\",\"@graph\":[{\"@type\":\"WebPage\",\"@id\":\"https:\\\/\\\/vetti-buba.hr\\\/en\\\/news\\\/\",\"url\":\"https:\\\/\\\/vetti-buba.hr\\\/en\\\/news\\\/\",\"name\":\"News - Buba klinika\",\"isPartOf\":{\"@id\":\"https:\\\/\\\/vetti-buba.hr\\\/#website\"},\"datePublished\":\"2024-08-13T09:39:24+00:00\",\"dateModified\":\"2025-03-27T09:45:44+00:00\",\"description\":\"Stay updated with the latest Buba Veterinary Clinic News, events, and informative articles from Buba Veterinary Clinic.\",\"breadcrumb\":{\"@id\":\"https:\\\/\\\/vetti-buba.hr\\\/en\\\/news\\\/#breadcrumb\"},\"inLanguage\":\"en-US\",\"potentialAction\":[{\"@type\":\"ReadAction\",\"target\":[\"https:\\\/\\\/vetti-buba.hr\\\/en\\\/news\\\/\"]}]},{\"@type\":\"BreadcrumbList\",\"@id\":\"https:\\\/\\\/vetti-buba.hr\\\/en\\\/news\\\/#breadcrumb\",\"itemListElement\":[{\"@type\":\"ListItem\",\"position\":1,\"name\":\"Po\u010detna stranica\",\"item\":\"https:\\\/\\\/vetti-buba.hr\\\/en\\\/\"},{\"@type\":\"ListItem\",\"position\":2,\"name\":\"News\"}]},{\"@type\":\"WebSite\",\"@id\":\"https:\\\/\\\/vetti-buba.hr\\\/#website\",\"url\":\"https:\\\/\\\/vetti-buba.hr\\\/\",\"name\":\"Buba klinika\",\"description\":\"\",\"publisher\":{\"@id\":\"https:\\\/\\\/vetti-buba.hr\\\/#organization\"},\"potentialAction\":[{\"@type\":\"SearchAction\",\"target\":{\"@type\":\"EntryPoint\",\"urlTemplate\":\"https:\\\/\\\/vetti-buba.hr\\\/?s={search_term_string}\"},\"query-input\":{\"@type\":\"PropertyValueSpecification\",\"valueRequired\":true,\"valueName\":\"search_term_string\"}}],\"inLanguage\":\"en-US\"},{\"@type\":\"Organization\",\"@id\":\"https:\\\/\\\/vetti-buba.hr\\\/#organization\",\"name\":\"Buba - Veterinarska Klinika\",\"url\":\"https:\\\/\\\/vetti-buba.hr\\\/\",\"logo\":{\"@type\":\"ImageObject\",\"inLanguage\":\"en-US\",\"@id\":\"https:\\\/\\\/vetti-buba.hr\\\/#\\\/schema\\\/logo\\\/image\\\/\",\"url\":\"https:\\\/\\\/vetti-buba.hr\\\/wp-content\\\/uploads\\\/2024\\\/09\\\/buba-logo-square.jpg\",\"contentUrl\":\"https:\\\/\\\/vetti-buba.hr\\\/wp-content\\\/uploads\\\/2024\\\/09\\\/buba-logo-square.jpg\",\"width\":500,\"height\":500,\"caption\":\"Buba - Veterinarska Klinika\"},\"image\":{\"@id\":\"https:\\\/\\\/vetti-buba.hr\\\/#\\\/schema\\\/logo\\\/image\\\/\"}}]}<\/script>\n<!-- \/ Yoast SEO plugin. -->","yoast_head_json":{"title":"News - Buba klinika","description":"Stay updated with the latest Buba Veterinary Clinic News, events, and informative articles from Buba Veterinary Clinic.","robots":{"index":"index","follow":"follow","max-snippet":"max-snippet:-1","max-image-preview":"max-image-preview:large","max-video-preview":"max-video-preview:-1"},"canonical":"https:\/\/vetti-buba.hr\/en\/news\/","og_locale":"en_US","og_type":"article","og_title":"News - Buba klinika","og_description":"Stay updated with the latest Buba Veterinary Clinic News, events, and informative articles from Buba Veterinary Clinic.","og_url":"https:\/\/vetti-buba.hr\/en\/news\/","og_site_name":"Buba klinika","article_modified_time":"2025-03-27T09:45:44+00:00","twitter_card":"summary_large_image","twitter_misc":{"Est. reading time":"1 minute"},"schema":{"@context":"https:\/\/schema.org","@graph":[{"@type":"WebPage","@id":"https:\/\/vetti-buba.hr\/en\/news\/","url":"https:\/\/vetti-buba.hr\/en\/news\/","name":"News - Buba klinika","isPartOf":{"@id":"https:\/\/vetti-buba.hr\/#website"},"datePublished":"2024-08-13T09:39:24+00:00","dateModified":"2025-03-27T09:45:44+00:00","description":"Stay updated with the latest Buba Veterinary Clinic News, events, and informative articles from Buba Veterinary Clinic.","breadcrumb":{"@id":"https:\/\/vetti-buba.hr\/en\/news\/#breadcrumb"},"inLanguage":"en-US","potentialAction":[{"@type":"ReadAction","target":["https:\/\/vetti-buba.hr\/en\/news\/"]}]},{"@type":"BreadcrumbList","@id":"https:\/\/vetti-buba.hr\/en\/news\/#breadcrumb","itemListElement":[{"@type":"ListItem","position":1,"name":"Po\u010detna stranica","item":"https:\/\/vetti-buba.hr\/en\/"},{"@type":"ListItem","position":2,"name":"News"}]},{"@type":"WebSite","@id":"https:\/\/vetti-buba.hr\/#website","url":"https:\/\/vetti-buba.hr\/","name":"Buba klinika","description":"","publisher":{"@id":"https:\/\/vetti-buba.hr\/#organization"},"potentialAction":[{"@type":"SearchAction","target":{"@type":"EntryPoint","urlTemplate":"https:\/\/vetti-buba.hr\/?s={search_term_string}"},"query-input":{"@type":"PropertyValueSpecification","valueRequired":true,"valueName":"search_term_string"}}],"inLanguage":"en-US"},{"@type":"Organization","@id":"https:\/\/vetti-buba.hr\/#organization","name":"Buba - Veterinarska Klinika","url":"https:\/\/vetti-buba.hr\/","logo":{"@type":"ImageObject","inLanguage":"en-US","@id":"https:\/\/vetti-buba.hr\/#\/schema\/logo\/image\/","url":"https:\/\/vetti-buba.hr\/wp-content\/uploads\/2024\/09\/buba-logo-square.jpg","contentUrl":"https:\/\/vetti-buba.hr\/wp-content\/uploads\/2024\/09\/buba-logo-square.jpg","width":500,"height":500,"caption":"Buba - Veterinarska Klinika"},"image":{"@id":"https:\/\/vetti-buba.hr\/#\/schema\/logo\/image\/"}}]}},"_links":{"self":[{"href":"https:\/\/vetti-buba.hr\/en\/wp-json\/wp\/v2\/pages\/4990","targetHints":{"allow":["GET"]}}],"collection":[{"href":"https:\/\/vetti-buba.hr\/en\/wp-json\/wp\/v2\/pages"}],"about":[{"href":"https:\/\/vetti-buba.hr\/en\/wp-json\/wp\/v2\/types\/page"}],"author":[{"embeddable":true,"href":"https:\/\/vetti-buba.hr\/en\/wp-json\/wp\/v2\/users\/1"}],"replies":[{"embeddable":true,"href":"https:\/\/vetti-buba.hr\/en\/wp-json\/wp\/v2\/comments?post=4990"}],"version-history":[{"count":2,"href":"https:\/\/vetti-buba.hr\/en\/wp-json\/wp\/v2\/pages\/4990\/revisions"}],"predecessor-version":[{"id":5827,"href":"https:\/\/vetti-buba.hr\/en\/wp-json\/wp\/v2\/pages\/4990\/revisions\/5827"}],"wp:attachment":[{"href":"https:\/\/vetti-buba.hr\/en\/wp-json\/wp\/v2\/media?parent=4990"}],"curies":[{"name":"wp","href":"https:\/\/api.w.org\/{rel}","templated":true}]}}