{"id":4975,"date":"2024-09-24T11:28:31","date_gmt":"2024-09-24T11:28:31","guid":{"rendered":"https:\/\/vetti-buba.hr\/veterinarska-klinika-buba\/dr-med-vet-elena-cakic\/"},"modified":"2025-05-08T10:53:27","modified_gmt":"2025-05-08T10:53:27","slug":"dr-med-vet-elena-cakic","status":"publish","type":"page","link":"https:\/\/vetti-buba.hr\/en\/our-team\/dr-med-vet-elena-cakic\/","title":{"rendered":"Elena \u0106aki\u0107, DVM"},"content":{"rendered":"<p>[vc_row gap=&#8221;35&#8243;][vc_column width=&#8221;1\/4&#8243;][vc_single_image image=&#8221;6304&#8243;][\/vc_column][vc_column width=&#8221;3\/4&#8243;][vc_column_text]Dr. Elena has dedicated her career to internal medicine, with a particular focus on treatment of internal diseases. Growing up in an environment filled with a love for animals, she knew from an early age that veterinary medicine was her calling. \u201cI just knew it would be my job, my profession, and my passion,\u201d Dr. Elena recalls.<\/p>\n<p>At the Buba clinic, Dr. Elena emphasizes the importance of providing top-notch care and being available to patients at all times. \u201cOur 24-hour care and modern equipment allow us to be prepared for emergencies, no matter the time of day or night,\u201d says Dr. Elena. \u201cWe provide help when it&#8217;s needed the most.\u201d<\/p>\n<p>With her dedication and professional approach, Dr. Elena is a key member of our team, always ready to provide top veterinary care to ensure the best possible care for the animals and their owners.<\/p>\n<p><strong>Education:<\/strong><br \/>\nFaculty of Veterinary Medicine in Zagreb<\/p>\n<p><strong>Professional development and awards:<\/strong><\/p>\n<ul>\n<li>EERVC, 2018, 2019 and 2024<\/li>\n<li>Croatian Congress of Small Animal Practitioners<\/li>\n<li>ESAVS Feline Internal Medicine II, 2024<\/li>\n<\/ul>\n<p>[\/vc_column_text][\/vc_column][\/vc_row]<\/p>\n","protected":false},"excerpt":{"rendered":"<p>[vc_row gap=&#8221;35&#8243;][vc_column width=&#8221;1\/4&#8243;][vc_single_image image=&#8221;6304&#8243;][\/vc_column][vc_column width=&#8221;3\/4&#8243;][vc_column_text]Dr. Elena has dedicated her career to internal medicine, with a particular focus on treatment of internal diseases. Growing up in an environment filled with a love for animals, she knew from an early age that veterinary medicine was her calling. \u201cI just knew it would be my job, my profession, [&hellip;]<\/p>\n","protected":false},"author":1,"featured_media":0,"parent":4871,"menu_order":0,"comment_status":"closed","ping_status":"closed","template":"","meta":{"footnotes":""},"class_list":["post-4975","page","type-page","status-publish","hentry"],"yoast_head":"<!-- This site is optimized with the Yoast SEO plugin v27.3 - https:\/\/yoast.com\/product\/yoast-seo-wordpress\/ -->\n<title>Elena \u0106aki\u0107, DVM - Buba klinika<\/title>\n<meta name=\"description\" content=\"Dr. Elena \u0106aki\u0107 is dedicated to internal medicine, focusing on treating internal diseases. She emphasizes the importance of 24-hour care and modern equipment to handle emergencies promptly.\" \/>\n<meta name=\"robots\" content=\"index, follow, max-snippet:-1, max-image-preview:large, max-video-preview:-1\" \/>\n<link rel=\"canonical\" href=\"https:\/\/vetti-buba.hr\/en\/our-team\/dr-med-vet-elena-cakic\/\" \/>\n<meta property=\"og:locale\" content=\"en_US\" \/>\n<meta property=\"og:type\" content=\"article\" \/>\n<meta property=\"og:title\" content=\"Elena \u0106aki\u0107, DVM - Buba klinika\" \/>\n<meta property=\"og:description\" content=\"Dr. Elena \u0106aki\u0107 is dedicated to internal medicine, focusing on treating internal diseases. She emphasizes the importance of 24-hour care and modern equipment to handle emergencies promptly.\" \/>\n<meta property=\"og:url\" content=\"https:\/\/vetti-buba.hr\/en\/our-team\/dr-med-vet-elena-cakic\/\" \/>\n<meta property=\"og:site_name\" content=\"Buba klinika\" \/>\n<meta property=\"article:modified_time\" content=\"2025-05-08T10:53:27+00:00\" \/>\n<meta name=\"twitter:card\" content=\"summary_large_image\" \/>\n<meta name=\"twitter:label1\" content=\"Est. reading time\" \/>\n\t<meta name=\"twitter:data1\" content=\"1 minute\" \/>\n<script type=\"application\/ld+json\" class=\"yoast-schema-graph\">{\"@context\":\"https:\\\/\\\/schema.org\",\"@graph\":[{\"@type\":\"WebPage\",\"@id\":\"https:\\\/\\\/vetti-buba.hr\\\/en\\\/our-team\\\/dr-med-vet-elena-cakic\\\/\",\"url\":\"https:\\\/\\\/vetti-buba.hr\\\/en\\\/our-team\\\/dr-med-vet-elena-cakic\\\/\",\"name\":\"Elena \u0106aki\u0107, DVM - Buba klinika\",\"isPartOf\":{\"@id\":\"https:\\\/\\\/vetti-buba.hr\\\/#website\"},\"datePublished\":\"2024-09-24T11:28:31+00:00\",\"dateModified\":\"2025-05-08T10:53:27+00:00\",\"description\":\"Dr. Elena \u0106aki\u0107 is dedicated to internal medicine, focusing on treating internal diseases. She emphasizes the importance of 24-hour care and modern equipment to handle emergencies promptly.\",\"breadcrumb\":{\"@id\":\"https:\\\/\\\/vetti-buba.hr\\\/en\\\/our-team\\\/dr-med-vet-elena-cakic\\\/#breadcrumb\"},\"inLanguage\":\"en-US\",\"potentialAction\":[{\"@type\":\"ReadAction\",\"target\":[\"https:\\\/\\\/vetti-buba.hr\\\/en\\\/our-team\\\/dr-med-vet-elena-cakic\\\/\"]}]},{\"@type\":\"BreadcrumbList\",\"@id\":\"https:\\\/\\\/vetti-buba.hr\\\/en\\\/our-team\\\/dr-med-vet-elena-cakic\\\/#breadcrumb\",\"itemListElement\":[{\"@type\":\"ListItem\",\"position\":1,\"name\":\"Po\u010detna stranica\",\"item\":\"https:\\\/\\\/vetti-buba.hr\\\/en\\\/\"},{\"@type\":\"ListItem\",\"position\":2,\"name\":\"Our veterinarian team\",\"item\":\"https:\\\/\\\/vetti-buba.hr\\\/en\\\/our-team\\\/\"},{\"@type\":\"ListItem\",\"position\":3,\"name\":\"Elena \u0106aki\u0107, DVM\"}]},{\"@type\":\"WebSite\",\"@id\":\"https:\\\/\\\/vetti-buba.hr\\\/#website\",\"url\":\"https:\\\/\\\/vetti-buba.hr\\\/\",\"name\":\"Buba klinika\",\"description\":\"\",\"publisher\":{\"@id\":\"https:\\\/\\\/vetti-buba.hr\\\/#organization\"},\"potentialAction\":[{\"@type\":\"SearchAction\",\"target\":{\"@type\":\"EntryPoint\",\"urlTemplate\":\"https:\\\/\\\/vetti-buba.hr\\\/?s={search_term_string}\"},\"query-input\":{\"@type\":\"PropertyValueSpecification\",\"valueRequired\":true,\"valueName\":\"search_term_string\"}}],\"inLanguage\":\"en-US\"},{\"@type\":\"Organization\",\"@id\":\"https:\\\/\\\/vetti-buba.hr\\\/#organization\",\"name\":\"Buba - Veterinarska Klinika\",\"url\":\"https:\\\/\\\/vetti-buba.hr\\\/\",\"logo\":{\"@type\":\"ImageObject\",\"inLanguage\":\"en-US\",\"@id\":\"https:\\\/\\\/vetti-buba.hr\\\/#\\\/schema\\\/logo\\\/image\\\/\",\"url\":\"https:\\\/\\\/vetti-buba.hr\\\/wp-content\\\/uploads\\\/2024\\\/09\\\/buba-logo-square.jpg\",\"contentUrl\":\"https:\\\/\\\/vetti-buba.hr\\\/wp-content\\\/uploads\\\/2024\\\/09\\\/buba-logo-square.jpg\",\"width\":500,\"height\":500,\"caption\":\"Buba - Veterinarska Klinika\"},\"image\":{\"@id\":\"https:\\\/\\\/vetti-buba.hr\\\/#\\\/schema\\\/logo\\\/image\\\/\"}}]}<\/script>\n<!-- \/ Yoast SEO plugin. -->","yoast_head_json":{"title":"Elena \u0106aki\u0107, DVM - Buba klinika","description":"Dr. Elena \u0106aki\u0107 is dedicated to internal medicine, focusing on treating internal diseases. She emphasizes the importance of 24-hour care and modern equipment to handle emergencies promptly.","robots":{"index":"index","follow":"follow","max-snippet":"max-snippet:-1","max-image-preview":"max-image-preview:large","max-video-preview":"max-video-preview:-1"},"canonical":"https:\/\/vetti-buba.hr\/en\/our-team\/dr-med-vet-elena-cakic\/","og_locale":"en_US","og_type":"article","og_title":"Elena \u0106aki\u0107, DVM - Buba klinika","og_description":"Dr. Elena \u0106aki\u0107 is dedicated to internal medicine, focusing on treating internal diseases. She emphasizes the importance of 24-hour care and modern equipment to handle emergencies promptly.","og_url":"https:\/\/vetti-buba.hr\/en\/our-team\/dr-med-vet-elena-cakic\/","og_site_name":"Buba klinika","article_modified_time":"2025-05-08T10:53:27+00:00","twitter_card":"summary_large_image","twitter_misc":{"Est. reading time":"1 minute"},"schema":{"@context":"https:\/\/schema.org","@graph":[{"@type":"WebPage","@id":"https:\/\/vetti-buba.hr\/en\/our-team\/dr-med-vet-elena-cakic\/","url":"https:\/\/vetti-buba.hr\/en\/our-team\/dr-med-vet-elena-cakic\/","name":"Elena \u0106aki\u0107, DVM - Buba klinika","isPartOf":{"@id":"https:\/\/vetti-buba.hr\/#website"},"datePublished":"2024-09-24T11:28:31+00:00","dateModified":"2025-05-08T10:53:27+00:00","description":"Dr. Elena \u0106aki\u0107 is dedicated to internal medicine, focusing on treating internal diseases. She emphasizes the importance of 24-hour care and modern equipment to handle emergencies promptly.","breadcrumb":{"@id":"https:\/\/vetti-buba.hr\/en\/our-team\/dr-med-vet-elena-cakic\/#breadcrumb"},"inLanguage":"en-US","potentialAction":[{"@type":"ReadAction","target":["https:\/\/vetti-buba.hr\/en\/our-team\/dr-med-vet-elena-cakic\/"]}]},{"@type":"BreadcrumbList","@id":"https:\/\/vetti-buba.hr\/en\/our-team\/dr-med-vet-elena-cakic\/#breadcrumb","itemListElement":[{"@type":"ListItem","position":1,"name":"Po\u010detna stranica","item":"https:\/\/vetti-buba.hr\/en\/"},{"@type":"ListItem","position":2,"name":"Our veterinarian team","item":"https:\/\/vetti-buba.hr\/en\/our-team\/"},{"@type":"ListItem","position":3,"name":"Elena \u0106aki\u0107, DVM"}]},{"@type":"WebSite","@id":"https:\/\/vetti-buba.hr\/#website","url":"https:\/\/vetti-buba.hr\/","name":"Buba klinika","description":"","publisher":{"@id":"https:\/\/vetti-buba.hr\/#organization"},"potentialAction":[{"@type":"SearchAction","target":{"@type":"EntryPoint","urlTemplate":"https:\/\/vetti-buba.hr\/?s={search_term_string}"},"query-input":{"@type":"PropertyValueSpecification","valueRequired":true,"valueName":"search_term_string"}}],"inLanguage":"en-US"},{"@type":"Organization","@id":"https:\/\/vetti-buba.hr\/#organization","name":"Buba - Veterinarska Klinika","url":"https:\/\/vetti-buba.hr\/","logo":{"@type":"ImageObject","inLanguage":"en-US","@id":"https:\/\/vetti-buba.hr\/#\/schema\/logo\/image\/","url":"https:\/\/vetti-buba.hr\/wp-content\/uploads\/2024\/09\/buba-logo-square.jpg","contentUrl":"https:\/\/vetti-buba.hr\/wp-content\/uploads\/2024\/09\/buba-logo-square.jpg","width":500,"height":500,"caption":"Buba - Veterinarska Klinika"},"image":{"@id":"https:\/\/vetti-buba.hr\/#\/schema\/logo\/image\/"}}]}},"_links":{"self":[{"href":"https:\/\/vetti-buba.hr\/en\/wp-json\/wp\/v2\/pages\/4975","targetHints":{"allow":["GET"]}}],"collection":[{"href":"https:\/\/vetti-buba.hr\/en\/wp-json\/wp\/v2\/pages"}],"about":[{"href":"https:\/\/vetti-buba.hr\/en\/wp-json\/wp\/v2\/types\/page"}],"author":[{"embeddable":true,"href":"https:\/\/vetti-buba.hr\/en\/wp-json\/wp\/v2\/users\/1"}],"replies":[{"embeddable":true,"href":"https:\/\/vetti-buba.hr\/en\/wp-json\/wp\/v2\/comments?post=4975"}],"version-history":[{"count":5,"href":"https:\/\/vetti-buba.hr\/en\/wp-json\/wp\/v2\/pages\/4975\/revisions"}],"predecessor-version":[{"id":6309,"href":"https:\/\/vetti-buba.hr\/en\/wp-json\/wp\/v2\/pages\/4975\/revisions\/6309"}],"up":[{"embeddable":true,"href":"https:\/\/vetti-buba.hr\/en\/wp-json\/wp\/v2\/pages\/4871"}],"wp:attachment":[{"href":"https:\/\/vetti-buba.hr\/en\/wp-json\/wp\/v2\/media?parent=4975"}],"curies":[{"name":"wp","href":"https:\/\/api.w.org\/{rel}","templated":true}]}}