{"id":4967,"date":"2024-09-24T11:24:59","date_gmt":"2024-09-24T11:24:59","guid":{"rendered":"https:\/\/vetti-buba.hr\/veterinarska-klinika-buba\/dr-med-vet-ante-vidosevic\/"},"modified":"2025-03-28T08:27:29","modified_gmt":"2025-03-28T08:27:29","slug":"dr-med-vet-ante-vidosevic","status":"publish","type":"page","link":"https:\/\/vetti-buba.hr\/en\/our-team\/dr-med-vet-ante-vidosevic\/","title":{"rendered":"Ante Vido\u0161evi\u0107, DVM"},"content":{"rendered":"<p>[vc_row gap=&#8221;35&#8243;][vc_column width=&#8221;1\/4&#8243;][vc_single_image image=&#8221;5746&#8243;][\/vc_column][vc_column width=&#8221;3\/4&#8243;][vc_column_text]Dr. Ante is one of the favourite veterinarians at the Buba clinic, with a clear ambition to become a specialist surgeon, but also with a deep interest in neurology and general practice. His love for animals and veterinary medicine dates back to his childhood, when he grew up surrounded by many pets.<\/p>\n<p>&#8220;From an early age, I decided that I would become a veterinarian. As I grew older, this dream gradually came true \u2013 step by step,&#8221; says Dr. Ante, describing his path into veterinary medicine.<\/p>\n<p>In his private life, Ante is surrounded by his pets \u2013 dogs and cats, and is especially proud of his Great Dane, Lajla, whom he calls his favourite.<\/p>\n<p>At the Buba clinic, Dr. Ante emphasizes the importance of teamwork and dedication as the key to success. &#8220;Our team is extremely dedicated \u2013 veterinarians and technicians work together tirelessly to diagnose and treat our patients. Everyone is deeply engaged, sometimes even too committed to their work,\u201d says Dr. Ante.<\/p>\n<p>With a combination of expertise, dedication and love for animals, Dr. Ante is an indispensable member of our team, always ready to help his patients and their owners.<\/p>\n<p><strong>Education:<\/strong><\/p>\n<ul>\n<li>Faculty of Veterinary Medicine in Zagreb<\/li>\n<\/ul>\n<p><strong>Projects and awards:<\/strong><\/p>\n<ul>\n<li>Recipient of the Rector\u2019s Award for scientific work (2020)<\/li>\n<li>Project &#8220;Studentski zdravi dani&#8221; (2021\/2022)<\/li>\n<li>Project &#8220;Farmica &#8211; upoznajmo Hrvatsku kroz \u017eivotinje&#8221; (2022\/2023)<\/li>\n<\/ul>\n<p>[\/vc_column_text][\/vc_column][\/vc_row]<\/p>\n","protected":false},"excerpt":{"rendered":"<p>[vc_row gap=&#8221;35&#8243;][vc_column width=&#8221;1\/4&#8243;][vc_single_image image=&#8221;5746&#8243;][\/vc_column][vc_column width=&#8221;3\/4&#8243;][vc_column_text]Dr. Ante is one of the favourite veterinarians at the Buba clinic, with a clear ambition to become a specialist surgeon, but also with a deep interest in neurology and general practice. His love for animals and veterinary medicine dates back to his childhood, when he grew up surrounded by many [&hellip;]<\/p>\n","protected":false},"author":1,"featured_media":0,"parent":4871,"menu_order":0,"comment_status":"closed","ping_status":"closed","template":"","meta":{"footnotes":""},"class_list":["post-4967","page","type-page","status-publish","hentry"],"yoast_head":"<!-- This site is optimized with the Yoast SEO plugin v27.3 - https:\/\/yoast.com\/product\/yoast-seo-wordpress\/ -->\n<title>Ante Vido\u0161evi\u0107, DVM - Buba klinika<\/title>\n<meta name=\"description\" content=\"Dr. Ante Vido\u0161evi\u0107 is a skilled veterinarian at Buba Veterinary Clinic, committed to ensuring the health and well-being of your pets.\" \/>\n<meta name=\"robots\" content=\"index, follow, max-snippet:-1, max-image-preview:large, max-video-preview:-1\" \/>\n<link rel=\"canonical\" href=\"https:\/\/vetti-buba.hr\/en\/our-team\/dr-med-vet-ante-vidosevic\/\" \/>\n<meta property=\"og:locale\" content=\"en_US\" \/>\n<meta property=\"og:type\" content=\"article\" \/>\n<meta property=\"og:title\" content=\"Ante Vido\u0161evi\u0107, DVM - Buba klinika\" \/>\n<meta property=\"og:description\" content=\"Dr. Ante Vido\u0161evi\u0107 is a skilled veterinarian at Buba Veterinary Clinic, committed to ensuring the health and well-being of your pets.\" \/>\n<meta property=\"og:url\" content=\"https:\/\/vetti-buba.hr\/en\/our-team\/dr-med-vet-ante-vidosevic\/\" \/>\n<meta property=\"og:site_name\" content=\"Buba klinika\" \/>\n<meta property=\"article:modified_time\" content=\"2025-03-28T08:27:29+00:00\" \/>\n<meta name=\"twitter:card\" content=\"summary_large_image\" \/>\n<meta name=\"twitter:label1\" content=\"Est. reading time\" \/>\n\t<meta name=\"twitter:data1\" content=\"2 minutes\" \/>\n<script type=\"application\/ld+json\" class=\"yoast-schema-graph\">{\"@context\":\"https:\\\/\\\/schema.org\",\"@graph\":[{\"@type\":\"WebPage\",\"@id\":\"https:\\\/\\\/vetti-buba.hr\\\/en\\\/our-team\\\/dr-med-vet-ante-vidosevic\\\/\",\"url\":\"https:\\\/\\\/vetti-buba.hr\\\/en\\\/our-team\\\/dr-med-vet-ante-vidosevic\\\/\",\"name\":\"Ante Vido\u0161evi\u0107, DVM - Buba klinika\",\"isPartOf\":{\"@id\":\"https:\\\/\\\/vetti-buba.hr\\\/#website\"},\"datePublished\":\"2024-09-24T11:24:59+00:00\",\"dateModified\":\"2025-03-28T08:27:29+00:00\",\"description\":\"Dr. Ante Vido\u0161evi\u0107 is a skilled veterinarian at Buba Veterinary Clinic, committed to ensuring the health and well-being of your pets.\",\"breadcrumb\":{\"@id\":\"https:\\\/\\\/vetti-buba.hr\\\/en\\\/our-team\\\/dr-med-vet-ante-vidosevic\\\/#breadcrumb\"},\"inLanguage\":\"en-US\",\"potentialAction\":[{\"@type\":\"ReadAction\",\"target\":[\"https:\\\/\\\/vetti-buba.hr\\\/en\\\/our-team\\\/dr-med-vet-ante-vidosevic\\\/\"]}]},{\"@type\":\"BreadcrumbList\",\"@id\":\"https:\\\/\\\/vetti-buba.hr\\\/en\\\/our-team\\\/dr-med-vet-ante-vidosevic\\\/#breadcrumb\",\"itemListElement\":[{\"@type\":\"ListItem\",\"position\":1,\"name\":\"Po\u010detna stranica\",\"item\":\"https:\\\/\\\/vetti-buba.hr\\\/en\\\/\"},{\"@type\":\"ListItem\",\"position\":2,\"name\":\"Our veterinarian team\",\"item\":\"https:\\\/\\\/vetti-buba.hr\\\/en\\\/our-team\\\/\"},{\"@type\":\"ListItem\",\"position\":3,\"name\":\"Ante Vido\u0161evi\u0107, DVM\"}]},{\"@type\":\"WebSite\",\"@id\":\"https:\\\/\\\/vetti-buba.hr\\\/#website\",\"url\":\"https:\\\/\\\/vetti-buba.hr\\\/\",\"name\":\"Buba klinika\",\"description\":\"\",\"publisher\":{\"@id\":\"https:\\\/\\\/vetti-buba.hr\\\/#organization\"},\"potentialAction\":[{\"@type\":\"SearchAction\",\"target\":{\"@type\":\"EntryPoint\",\"urlTemplate\":\"https:\\\/\\\/vetti-buba.hr\\\/?s={search_term_string}\"},\"query-input\":{\"@type\":\"PropertyValueSpecification\",\"valueRequired\":true,\"valueName\":\"search_term_string\"}}],\"inLanguage\":\"en-US\"},{\"@type\":\"Organization\",\"@id\":\"https:\\\/\\\/vetti-buba.hr\\\/#organization\",\"name\":\"Buba - Veterinarska Klinika\",\"url\":\"https:\\\/\\\/vetti-buba.hr\\\/\",\"logo\":{\"@type\":\"ImageObject\",\"inLanguage\":\"en-US\",\"@id\":\"https:\\\/\\\/vetti-buba.hr\\\/#\\\/schema\\\/logo\\\/image\\\/\",\"url\":\"https:\\\/\\\/vetti-buba.hr\\\/wp-content\\\/uploads\\\/2024\\\/09\\\/buba-logo-square.jpg\",\"contentUrl\":\"https:\\\/\\\/vetti-buba.hr\\\/wp-content\\\/uploads\\\/2024\\\/09\\\/buba-logo-square.jpg\",\"width\":500,\"height\":500,\"caption\":\"Buba - Veterinarska Klinika\"},\"image\":{\"@id\":\"https:\\\/\\\/vetti-buba.hr\\\/#\\\/schema\\\/logo\\\/image\\\/\"}}]}<\/script>\n<!-- \/ Yoast SEO plugin. -->","yoast_head_json":{"title":"Ante Vido\u0161evi\u0107, DVM - Buba klinika","description":"Dr. Ante Vido\u0161evi\u0107 is a skilled veterinarian at Buba Veterinary Clinic, committed to ensuring the health and well-being of your pets.","robots":{"index":"index","follow":"follow","max-snippet":"max-snippet:-1","max-image-preview":"max-image-preview:large","max-video-preview":"max-video-preview:-1"},"canonical":"https:\/\/vetti-buba.hr\/en\/our-team\/dr-med-vet-ante-vidosevic\/","og_locale":"en_US","og_type":"article","og_title":"Ante Vido\u0161evi\u0107, DVM - Buba klinika","og_description":"Dr. Ante Vido\u0161evi\u0107 is a skilled veterinarian at Buba Veterinary Clinic, committed to ensuring the health and well-being of your pets.","og_url":"https:\/\/vetti-buba.hr\/en\/our-team\/dr-med-vet-ante-vidosevic\/","og_site_name":"Buba klinika","article_modified_time":"2025-03-28T08:27:29+00:00","twitter_card":"summary_large_image","twitter_misc":{"Est. reading time":"2 minutes"},"schema":{"@context":"https:\/\/schema.org","@graph":[{"@type":"WebPage","@id":"https:\/\/vetti-buba.hr\/en\/our-team\/dr-med-vet-ante-vidosevic\/","url":"https:\/\/vetti-buba.hr\/en\/our-team\/dr-med-vet-ante-vidosevic\/","name":"Ante Vido\u0161evi\u0107, DVM - Buba klinika","isPartOf":{"@id":"https:\/\/vetti-buba.hr\/#website"},"datePublished":"2024-09-24T11:24:59+00:00","dateModified":"2025-03-28T08:27:29+00:00","description":"Dr. Ante Vido\u0161evi\u0107 is a skilled veterinarian at Buba Veterinary Clinic, committed to ensuring the health and well-being of your pets.","breadcrumb":{"@id":"https:\/\/vetti-buba.hr\/en\/our-team\/dr-med-vet-ante-vidosevic\/#breadcrumb"},"inLanguage":"en-US","potentialAction":[{"@type":"ReadAction","target":["https:\/\/vetti-buba.hr\/en\/our-team\/dr-med-vet-ante-vidosevic\/"]}]},{"@type":"BreadcrumbList","@id":"https:\/\/vetti-buba.hr\/en\/our-team\/dr-med-vet-ante-vidosevic\/#breadcrumb","itemListElement":[{"@type":"ListItem","position":1,"name":"Po\u010detna stranica","item":"https:\/\/vetti-buba.hr\/en\/"},{"@type":"ListItem","position":2,"name":"Our veterinarian team","item":"https:\/\/vetti-buba.hr\/en\/our-team\/"},{"@type":"ListItem","position":3,"name":"Ante Vido\u0161evi\u0107, DVM"}]},{"@type":"WebSite","@id":"https:\/\/vetti-buba.hr\/#website","url":"https:\/\/vetti-buba.hr\/","name":"Buba klinika","description":"","publisher":{"@id":"https:\/\/vetti-buba.hr\/#organization"},"potentialAction":[{"@type":"SearchAction","target":{"@type":"EntryPoint","urlTemplate":"https:\/\/vetti-buba.hr\/?s={search_term_string}"},"query-input":{"@type":"PropertyValueSpecification","valueRequired":true,"valueName":"search_term_string"}}],"inLanguage":"en-US"},{"@type":"Organization","@id":"https:\/\/vetti-buba.hr\/#organization","name":"Buba - Veterinarska Klinika","url":"https:\/\/vetti-buba.hr\/","logo":{"@type":"ImageObject","inLanguage":"en-US","@id":"https:\/\/vetti-buba.hr\/#\/schema\/logo\/image\/","url":"https:\/\/vetti-buba.hr\/wp-content\/uploads\/2024\/09\/buba-logo-square.jpg","contentUrl":"https:\/\/vetti-buba.hr\/wp-content\/uploads\/2024\/09\/buba-logo-square.jpg","width":500,"height":500,"caption":"Buba - Veterinarska Klinika"},"image":{"@id":"https:\/\/vetti-buba.hr\/#\/schema\/logo\/image\/"}}]}},"_links":{"self":[{"href":"https:\/\/vetti-buba.hr\/en\/wp-json\/wp\/v2\/pages\/4967","targetHints":{"allow":["GET"]}}],"collection":[{"href":"https:\/\/vetti-buba.hr\/en\/wp-json\/wp\/v2\/pages"}],"about":[{"href":"https:\/\/vetti-buba.hr\/en\/wp-json\/wp\/v2\/types\/page"}],"author":[{"embeddable":true,"href":"https:\/\/vetti-buba.hr\/en\/wp-json\/wp\/v2\/users\/1"}],"replies":[{"embeddable":true,"href":"https:\/\/vetti-buba.hr\/en\/wp-json\/wp\/v2\/comments?post=4967"}],"version-history":[{"count":8,"href":"https:\/\/vetti-buba.hr\/en\/wp-json\/wp\/v2\/pages\/4967\/revisions"}],"predecessor-version":[{"id":6094,"href":"https:\/\/vetti-buba.hr\/en\/wp-json\/wp\/v2\/pages\/4967\/revisions\/6094"}],"up":[{"embeddable":true,"href":"https:\/\/vetti-buba.hr\/en\/wp-json\/wp\/v2\/pages\/4871"}],"wp:attachment":[{"href":"https:\/\/vetti-buba.hr\/en\/wp-json\/wp\/v2\/media?parent=4967"}],"curies":[{"name":"wp","href":"https:\/\/api.w.org\/{rel}","templated":true}]}}