{"id":4858,"date":"2024-08-28T11:25:20","date_gmt":"2024-08-28T11:25:20","guid":{"rendered":"https:\/\/vetti-buba.hr\/veterinarska-klinika-buba\/ana-kunic\/"},"modified":"2026-04-03T10:37:58","modified_gmt":"2026-04-03T10:37:58","slug":"ana-kunic-dumancic","status":"publish","type":"page","link":"https:\/\/vetti-buba.hr\/en\/our-team\/ana-kunic-dumancic\/","title":{"rendered":"Ana Kuni\u0107 Duman\u010di\u0107, DVM"},"content":{"rendered":"<p>[vc_row gap=&#8221;35&#8243;][vc_column width=&#8221;1\/4&#8243;][vc_single_image image=&#8221;5776&#8243;][\/vc_column][vc_column width=&#8221;3\/4&#8243;][vc_column_text]Dr. Kuni\u0107 Duman\u010di\u0107 is a dedicated member of the team at Buba Veterinary Clinic, with her education and experience focused on anaesthesiology and emergency and intensive care in veterinary medicine. You will most often find her in the surgical block, where she ensures that each patient undergoes their surgical procedures safely and painlessly, with the utmost care and expertise.<\/p>\n<p>Dr. Kuni\u0107 Duman\u010di\u0107 enjoys working in the relaxed and friendly atmosphere of Buba Clinic, where every patient is important and mutual trust within the team is key. \u201cWe all feel like a team here, and that&#8217;s what I love most \u2013 taking care of pets as if they were our own,\u201d says Dr. Kuni\u0107 Duman\u010di\u0107.<\/p>\n<p>As a highlight of the clinic, she emphasizes the high quality of service based on the expertise of the team and modern equipment, which allows for top-notch care for every patient. When asked why she decided to pursue a veterinary career, she simply answers: \u201cBecause I have always loved both animals and medicine.\u201d<\/p>\n<p><strong>Education:<\/strong><\/p>\n<ul>\n<li><span style=\"font-weight: 400;\">Faculty of<\/span> <span style=\"font-weight: 400;\">Veterinary Medicine in Zagreb<\/span><\/li>\n<\/ul>\n<p><strong>Professional development and awards:<\/strong><\/p>\n<ul>\n<li style=\"font-weight: 400;\" aria-level=\"1\"><span style=\"font-weight: 400;\">Days of Anaesthesia and Pain Management, Zagreb, 2024<\/span><\/li>\n<\/ul>\n<p>[\/vc_column_text][\/vc_column][\/vc_row]<\/p>\n","protected":false},"excerpt":{"rendered":"<p>[vc_row gap=&#8221;35&#8243;][vc_column width=&#8221;1\/4&#8243;][vc_single_image image=&#8221;5776&#8243;][\/vc_column][vc_column width=&#8221;3\/4&#8243;][vc_column_text]Dr. Kuni\u0107 Duman\u010di\u0107 is a dedicated member of the team at Buba Veterinary Clinic, with her education and experience focused on anaesthesiology and emergency and intensive care in veterinary medicine. You will most often find her in the surgical block, where she ensures that each patient undergoes their surgical procedures safely [&hellip;]<\/p>\n","protected":false},"author":1,"featured_media":0,"parent":4871,"menu_order":0,"comment_status":"closed","ping_status":"closed","template":"","meta":{"footnotes":""},"class_list":["post-4858","page","type-page","status-publish","hentry"],"yoast_head":"<!-- This site is optimized with the Yoast SEO plugin v27.3 - https:\/\/yoast.com\/product\/yoast-seo-wordpress\/ -->\n<title>Ana Kuni\u0107 Duman\u010di\u0107, DVM - Buba klinika<\/title>\n<meta name=\"description\" content=\"Dr. Ana Kuni\u0107 is a dedicated veterinarian at Buba Veterinary Clinic, committed to providing exceptional medical care for your beloved pets.\" \/>\n<meta name=\"robots\" content=\"index, follow, max-snippet:-1, max-image-preview:large, max-video-preview:-1\" \/>\n<link rel=\"canonical\" href=\"https:\/\/vetti-buba.hr\/en\/our-team\/ana-kunic-dumancic\/\" \/>\n<meta property=\"og:locale\" content=\"en_US\" \/>\n<meta property=\"og:type\" content=\"article\" \/>\n<meta property=\"og:title\" content=\"Ana Kuni\u0107 Duman\u010di\u0107, DVM - Buba klinika\" \/>\n<meta property=\"og:description\" content=\"Dr. Ana Kuni\u0107 is a dedicated veterinarian at Buba Veterinary Clinic, committed to providing exceptional medical care for your beloved pets.\" \/>\n<meta property=\"og:url\" content=\"https:\/\/vetti-buba.hr\/en\/our-team\/ana-kunic-dumancic\/\" \/>\n<meta property=\"og:site_name\" content=\"Buba klinika\" \/>\n<meta property=\"article:modified_time\" content=\"2026-04-03T10:37:58+00:00\" \/>\n<meta name=\"twitter:card\" content=\"summary_large_image\" \/>\n<meta name=\"twitter:label1\" content=\"Est. reading time\" \/>\n\t<meta name=\"twitter:data1\" content=\"2 minutes\" \/>\n<script type=\"application\/ld+json\" class=\"yoast-schema-graph\">{\"@context\":\"https:\\\/\\\/schema.org\",\"@graph\":[{\"@type\":\"WebPage\",\"@id\":\"https:\\\/\\\/vetti-buba.hr\\\/en\\\/our-team\\\/ana-kunic-dumancic\\\/\",\"url\":\"https:\\\/\\\/vetti-buba.hr\\\/en\\\/our-team\\\/ana-kunic-dumancic\\\/\",\"name\":\"Ana Kuni\u0107 Duman\u010di\u0107, DVM - Buba klinika\",\"isPartOf\":{\"@id\":\"https:\\\/\\\/vetti-buba.hr\\\/#website\"},\"datePublished\":\"2024-08-28T11:25:20+00:00\",\"dateModified\":\"2026-04-03T10:37:58+00:00\",\"description\":\"Dr. Ana Kuni\u0107 is a dedicated veterinarian at Buba Veterinary Clinic, committed to providing exceptional medical care for your beloved pets.\",\"breadcrumb\":{\"@id\":\"https:\\\/\\\/vetti-buba.hr\\\/en\\\/our-team\\\/ana-kunic-dumancic\\\/#breadcrumb\"},\"inLanguage\":\"en-US\",\"potentialAction\":[{\"@type\":\"ReadAction\",\"target\":[\"https:\\\/\\\/vetti-buba.hr\\\/en\\\/our-team\\\/ana-kunic-dumancic\\\/\"]}]},{\"@type\":\"BreadcrumbList\",\"@id\":\"https:\\\/\\\/vetti-buba.hr\\\/en\\\/our-team\\\/ana-kunic-dumancic\\\/#breadcrumb\",\"itemListElement\":[{\"@type\":\"ListItem\",\"position\":1,\"name\":\"Po\u010detna stranica\",\"item\":\"https:\\\/\\\/vetti-buba.hr\\\/en\\\/\"},{\"@type\":\"ListItem\",\"position\":2,\"name\":\"Our veterinarian team\",\"item\":\"https:\\\/\\\/vetti-buba.hr\\\/en\\\/our-team\\\/\"},{\"@type\":\"ListItem\",\"position\":3,\"name\":\"Ana Kuni\u0107 Duman\u010di\u0107, DVM\"}]},{\"@type\":\"WebSite\",\"@id\":\"https:\\\/\\\/vetti-buba.hr\\\/#website\",\"url\":\"https:\\\/\\\/vetti-buba.hr\\\/\",\"name\":\"Buba klinika\",\"description\":\"\",\"publisher\":{\"@id\":\"https:\\\/\\\/vetti-buba.hr\\\/#organization\"},\"potentialAction\":[{\"@type\":\"SearchAction\",\"target\":{\"@type\":\"EntryPoint\",\"urlTemplate\":\"https:\\\/\\\/vetti-buba.hr\\\/?s={search_term_string}\"},\"query-input\":{\"@type\":\"PropertyValueSpecification\",\"valueRequired\":true,\"valueName\":\"search_term_string\"}}],\"inLanguage\":\"en-US\"},{\"@type\":\"Organization\",\"@id\":\"https:\\\/\\\/vetti-buba.hr\\\/#organization\",\"name\":\"Buba - Veterinarska Klinika\",\"url\":\"https:\\\/\\\/vetti-buba.hr\\\/\",\"logo\":{\"@type\":\"ImageObject\",\"inLanguage\":\"en-US\",\"@id\":\"https:\\\/\\\/vetti-buba.hr\\\/#\\\/schema\\\/logo\\\/image\\\/\",\"url\":\"https:\\\/\\\/vetti-buba.hr\\\/wp-content\\\/uploads\\\/2024\\\/09\\\/buba-logo-square.jpg\",\"contentUrl\":\"https:\\\/\\\/vetti-buba.hr\\\/wp-content\\\/uploads\\\/2024\\\/09\\\/buba-logo-square.jpg\",\"width\":500,\"height\":500,\"caption\":\"Buba - Veterinarska Klinika\"},\"image\":{\"@id\":\"https:\\\/\\\/vetti-buba.hr\\\/#\\\/schema\\\/logo\\\/image\\\/\"}}]}<\/script>\n<!-- \/ Yoast SEO plugin. -->","yoast_head_json":{"title":"Ana Kuni\u0107 Duman\u010di\u0107, DVM - Buba klinika","description":"Dr. Ana Kuni\u0107 is a dedicated veterinarian at Buba Veterinary Clinic, committed to providing exceptional medical care for your beloved pets.","robots":{"index":"index","follow":"follow","max-snippet":"max-snippet:-1","max-image-preview":"max-image-preview:large","max-video-preview":"max-video-preview:-1"},"canonical":"https:\/\/vetti-buba.hr\/en\/our-team\/ana-kunic-dumancic\/","og_locale":"en_US","og_type":"article","og_title":"Ana Kuni\u0107 Duman\u010di\u0107, DVM - Buba klinika","og_description":"Dr. Ana Kuni\u0107 is a dedicated veterinarian at Buba Veterinary Clinic, committed to providing exceptional medical care for your beloved pets.","og_url":"https:\/\/vetti-buba.hr\/en\/our-team\/ana-kunic-dumancic\/","og_site_name":"Buba klinika","article_modified_time":"2026-04-03T10:37:58+00:00","twitter_card":"summary_large_image","twitter_misc":{"Est. reading time":"2 minutes"},"schema":{"@context":"https:\/\/schema.org","@graph":[{"@type":"WebPage","@id":"https:\/\/vetti-buba.hr\/en\/our-team\/ana-kunic-dumancic\/","url":"https:\/\/vetti-buba.hr\/en\/our-team\/ana-kunic-dumancic\/","name":"Ana Kuni\u0107 Duman\u010di\u0107, DVM - Buba klinika","isPartOf":{"@id":"https:\/\/vetti-buba.hr\/#website"},"datePublished":"2024-08-28T11:25:20+00:00","dateModified":"2026-04-03T10:37:58+00:00","description":"Dr. Ana Kuni\u0107 is a dedicated veterinarian at Buba Veterinary Clinic, committed to providing exceptional medical care for your beloved pets.","breadcrumb":{"@id":"https:\/\/vetti-buba.hr\/en\/our-team\/ana-kunic-dumancic\/#breadcrumb"},"inLanguage":"en-US","potentialAction":[{"@type":"ReadAction","target":["https:\/\/vetti-buba.hr\/en\/our-team\/ana-kunic-dumancic\/"]}]},{"@type":"BreadcrumbList","@id":"https:\/\/vetti-buba.hr\/en\/our-team\/ana-kunic-dumancic\/#breadcrumb","itemListElement":[{"@type":"ListItem","position":1,"name":"Po\u010detna stranica","item":"https:\/\/vetti-buba.hr\/en\/"},{"@type":"ListItem","position":2,"name":"Our veterinarian team","item":"https:\/\/vetti-buba.hr\/en\/our-team\/"},{"@type":"ListItem","position":3,"name":"Ana Kuni\u0107 Duman\u010di\u0107, DVM"}]},{"@type":"WebSite","@id":"https:\/\/vetti-buba.hr\/#website","url":"https:\/\/vetti-buba.hr\/","name":"Buba klinika","description":"","publisher":{"@id":"https:\/\/vetti-buba.hr\/#organization"},"potentialAction":[{"@type":"SearchAction","target":{"@type":"EntryPoint","urlTemplate":"https:\/\/vetti-buba.hr\/?s={search_term_string}"},"query-input":{"@type":"PropertyValueSpecification","valueRequired":true,"valueName":"search_term_string"}}],"inLanguage":"en-US"},{"@type":"Organization","@id":"https:\/\/vetti-buba.hr\/#organization","name":"Buba - Veterinarska Klinika","url":"https:\/\/vetti-buba.hr\/","logo":{"@type":"ImageObject","inLanguage":"en-US","@id":"https:\/\/vetti-buba.hr\/#\/schema\/logo\/image\/","url":"https:\/\/vetti-buba.hr\/wp-content\/uploads\/2024\/09\/buba-logo-square.jpg","contentUrl":"https:\/\/vetti-buba.hr\/wp-content\/uploads\/2024\/09\/buba-logo-square.jpg","width":500,"height":500,"caption":"Buba - Veterinarska Klinika"},"image":{"@id":"https:\/\/vetti-buba.hr\/#\/schema\/logo\/image\/"}}]}},"_links":{"self":[{"href":"https:\/\/vetti-buba.hr\/en\/wp-json\/wp\/v2\/pages\/4858","targetHints":{"allow":["GET"]}}],"collection":[{"href":"https:\/\/vetti-buba.hr\/en\/wp-json\/wp\/v2\/pages"}],"about":[{"href":"https:\/\/vetti-buba.hr\/en\/wp-json\/wp\/v2\/types\/page"}],"author":[{"embeddable":true,"href":"https:\/\/vetti-buba.hr\/en\/wp-json\/wp\/v2\/users\/1"}],"replies":[{"embeddable":true,"href":"https:\/\/vetti-buba.hr\/en\/wp-json\/wp\/v2\/comments?post=4858"}],"version-history":[{"count":7,"href":"https:\/\/vetti-buba.hr\/en\/wp-json\/wp\/v2\/pages\/4858\/revisions"}],"predecessor-version":[{"id":6397,"href":"https:\/\/vetti-buba.hr\/en\/wp-json\/wp\/v2\/pages\/4858\/revisions\/6397"}],"up":[{"embeddable":true,"href":"https:\/\/vetti-buba.hr\/en\/wp-json\/wp\/v2\/pages\/4871"}],"wp:attachment":[{"href":"https:\/\/vetti-buba.hr\/en\/wp-json\/wp\/v2\/media?parent=4858"}],"curies":[{"name":"wp","href":"https:\/\/api.w.org\/{rel}","templated":true}]}}